{"id":1498,"date":"2021-10-29T14:01:32","date_gmt":"2021-10-29T14:01:32","guid":{"rendered":"https:\/\/www.nimaxautomation.com\/?page_id=1498"},"modified":"2023-12-22T14:17:59","modified_gmt":"2023-12-22T14:17:59","slug":"politique-de-confidentialite-pour-les-clients-et-les-fournisseurs","status":"publish","type":"page","link":"https:\/\/www.nimaxautomation.com\/fr\/politique-de-confidentialite-pour-les-clients-et-les-fournisseurs\/","title":{"rendered":"Politique de confidentialit\u00e9 pour les clients et les fournisseurs"},"content":{"rendered":"\t\t<div data-elementor-type=\"wp-page\" data-elementor-id=\"1498\" class=\"elementor elementor-1498 elementor-1469\">\n\t\t\t\t\t\t<section class=\"elementor-section elementor-top-section elementor-element elementor-element-012a608 elementor-section-boxed elementor-section-height-default elementor-section-height-default\" data-id=\"012a608\" data-element_type=\"section\" data-e-type=\"section\">\n\t\t\t\t\t\t<div class=\"elementor-container elementor-column-gap-default\">\n\t\t\t\t\t<div class=\"elementor-column elementor-col-100 elementor-top-column elementor-element elementor-element-89d5daf\" data-id=\"89d5daf\" data-element_type=\"column\" data-e-type=\"column\">\n\t\t\t<div class=\"elementor-widget-wrap elementor-element-populated\">\n\t\t\t\t\t\t<div class=\"elementor-element elementor-element-6ee7d3c elementor-widget elementor-widget-text-editor\" data-id=\"6ee7d3c\" data-element_type=\"widget\" data-e-type=\"widget\" data-widget_type=\"text-editor.default\">\n\t\t\t\t<div class=\"elementor-widget-container\">\n\t\t\t\t\t\t\t\t\t<h2><strong>Politique de confidentialit\u00e9 pour les clients et les fournisseurs<\/strong><\/h2><p>Le R\u00e8glement UE 2016\/679 impose l&rsquo;obligation d&rsquo;informer l&rsquo;int\u00e9ress\u00e9 sur les diff\u00e9rents \u00e9l\u00e9ments fondamentaux (pr\u00e9cis\u00e9s aux articles 13 et 14), en r\u00e9f\u00e9rence au traitement des Donn\u00e9es Personnelles le concernant. En ce qui concerne la Soci\u00e9t\u00e9 soussign\u00e9e, elle est pleinement remplie en vous informant que:<\/p><p>Responsable du traitement et d\u00e9l\u00e9gu\u00e9 \u00e0 la protection des donn\u00e9es<\/p><p>Le responsable du traitement est \u00ab\u00a0<strong><em>nimax s.p.a<\/em><\/strong>\u00ab\u00a0,<\/p><p>Via dell&rsquo;Arcoveggio, 59\/2 &#8211; 40129 Bologne (BO)<\/p><p>T\u00e9l.+39 051-4199111<\/p><p>e-mail: <a href=\"mailto:nimax@nimax.it\"><strong>nimax@nimax.it<\/strong><\/a><\/p><p>\u00c0 ce jour, aucun d\u00e9l\u00e9gu\u00e9 \u00e0 la protection des donn\u00e9es n&rsquo;a \u00e9t\u00e9 nomm\u00e9, de sorte que cette Organisation est exempte des exigences \u00e9nonc\u00e9es \u00e0 l&rsquo;art. 37 du R.D.P.R.<\/p><h4><strong>Finalit\u00e9 et base juridique du traitement<\/strong><\/h4><p>Les finalit\u00e9s du traitement sont de double nature, et concernent:<\/p><ul><li>l&rsquo;ex\u00e9cution de la relation pr\u00e9contractuelle et contractuelle entre les parties (conform\u00e9ment \u00e0 l&rsquo;art. 6, al. 1, lettre \u00ab\u00a0b\u00a0\u00bb du r\u00e8glement pr\u00e9cit\u00e9);<\/li><li>l&rsquo;accomplissement de toutes les obligations l\u00e9gales y aff\u00e9rentes et imputables au responsable du traitement (conform\u00e9ment \u00e0 l&rsquo;article 6, paragraphe 1, lettre \u00ab\u00a0c\u00a0\u00bb du r\u00e8glement susmentionn\u00e9);<\/li><\/ul><p>Elles peuvent \u00e9galement concerner l&rsquo;int\u00e9r\u00eat l\u00e9gitime du responsable du traitement (conform\u00e9ment \u00e0 l&rsquo;art. 6, al. 1, lettre \u00ab\u00a0f\u00a0\u00bb du r\u00e8glement pr\u00e9cit\u00e9).<\/p><h4><strong>Modalit\u00e9s de traitement et nature de la fourniture des donn\u00e9es<\/strong><\/h4><p>Vos donn\u00e9es personnelles seront trait\u00e9es \u00e0 l&rsquo;aide de supports papier et \u00e9lectroniques. La fourniture de vos donn\u00e9es personnelles est facultative; \u00e0 d\u00e9faut, toutefois, il est impossible pour la Soci\u00e9t\u00e9 soussign\u00e9e de remplir les obligations contractuelles et r\u00e9glementaires susvis\u00e9es. Le d\u00e9faut de communication de vos donn\u00e9es personnelles emp\u00eache donc la parfaite ex\u00e9cution de la relation contractuelle.<\/p><h4><strong>Cat\u00e9gories de destinataires<\/strong><\/h4><p>Vos donn\u00e9es personnelles peuvent \u00eatre divulgu\u00e9es \u00e0:<\/p><p>1) Personnel de la Soci\u00e9t\u00e9 soussign\u00e9e autoris\u00e9 \u00e0 traiter;<\/p><p>2) Entreprises et partenaires professionnels pour assister les activit\u00e9s technico-op\u00e9rationnelles;<\/p><p>3) Entreprises et bureaux professionnels pour soutenir les activit\u00e9s de gestion, administratives et juridiques;<\/p><p>4) Entreprises et consultants pour les services technico-informatiques et organisationnels;<\/p><p>5) Les \u00e9tablissements bancaires et d&rsquo;assurance qui fournissent des services fonctionnels aux fins indiqu\u00e9es ci-dessus;<\/p><p>6) Les autorit\u00e9s judiciaires ou administratives, pour l&rsquo;accomplissement des obligations l\u00e9gales.<\/p><p>Ces fournisseurs agissent en tant que responsables externes du traitement des donn\u00e9es, d\u00fbment nomm\u00e9s conform\u00e9ment \u00e0 l&rsquo;art. 28 du r\u00e8glement UE 2016\/679.<\/p><h4><strong>Diffusion des donn\u00e9es<\/strong><\/h4><p>Vos donn\u00e9es personnelles ne seront pas divulgu\u00e9es, ce terme signifiant leur donner connaissance \u00e0 des sujets ind\u00e9termin\u00e9s de quelque mani\u00e8re que ce soit, y compris en les mettant \u00e0 disposition ou en les consultant.<\/p><h4><strong>Dur\u00e9e de conservation<\/strong><\/h4><p>Vos donn\u00e9es personnelles seront conserv\u00e9es pendant la dur\u00e9e n\u00e9cessaire au traitement des demandes contractuelles et, ult\u00e9rieurement, pendant 10 ans \u00e0 compter de l&rsquo;enregistrement du dernier mouvement comptable qui vous est imputable. Les obligations l\u00e9gales qui peuvent d\u00e9terminer une prolongation sont r\u00e9serv\u00e9es.<\/p><h4><strong>Droits des parties int\u00e9ress\u00e9es<\/strong><\/h4><p>Les droits pr\u00e9vus par le r\u00e8glement pr\u00e9cit\u00e9 sont reconnus aux articles 15 \u00e0 22, r\u00e9sum\u00e9s ci-dessous.<\/p><p>Vous avez le droit de:<\/p><ul><li>demander l&rsquo;acc\u00e8s \u00e0 vos donn\u00e9es personnelles et aux informations qui s&rsquo;y rapportent, ainsi que la correction de celles qui sont inexactes ou l&rsquo;int\u00e9gration de celles qui sont incompl\u00e8tes;<\/li><li>demander l&rsquo;annulation des donn\u00e9es personnelles vous concernant (en cas de survenance de l&rsquo;une des conditions indiqu\u00e9es \u00e0 l&rsquo;article 17, paragraphes 1 et 3) ou la limitation de leur utilisation (article 18);<\/li><li>vous opposer au traitement de vos donn\u00e9es personnelles et retirer votre consentement \u00e0 tout moment (limit\u00e9 aux cas dans lesquels le traitement est bas\u00e9 sur votre consentement pour une ou plusieurs finalit\u00e9s sp\u00e9cifiques);<\/li><li>d\u00e9poser une plainte aupr\u00e8s d&rsquo;une autorit\u00e9 de contr\u00f4le (Autorit\u00e9 pour la protection des donn\u00e9es personnelles &#8211; <a href=\"https:\/\/garanteprivacy.it\/\" target=\"_blank\" rel=\"noopener\"><strong>garanteprivacy.it<\/strong><\/a>).<\/li><\/ul><p>Vous pouvez exercer ces droits en contactant directement le responsable du traitement via les canaux de contact indiqu\u00e9s ci-dessus.<\/p>\t\t\t\t\t\t\t\t<\/div>\n\t\t\t\t<\/div>\n\t\t\t\t\t<\/div>\n\t\t<\/div>\n\t\t\t\t\t<\/div>\n\t\t<\/section>\n\t\t\t\t<\/div>\n\t\t","protected":false},"excerpt":{"rendered":"<p>Politique de confidentialit\u00e9 pour les clients et les fournisseurs Le R\u00e8glement UE 2016\/679 impose l&rsquo;obligation d&rsquo;informer l&rsquo;int\u00e9ress\u00e9 sur les diff\u00e9rents \u00e9l\u00e9ments fondamentaux (pr\u00e9cis\u00e9s aux articles 13 et 14), en r\u00e9f\u00e9rence au traitement des Donn\u00e9es Personnelles le concernant. En ce qui concerne la Soci\u00e9t\u00e9 soussign\u00e9e, elle est pleinement remplie en vous informant que: Responsable du traitement [&hellip;]<\/p>\n","protected":false},"author":3,"featured_media":0,"parent":0,"menu_order":0,"comment_status":"closed","ping_status":"closed","template":"page-templates\/pagebuilder.php","meta":{"zakra_page_container_layout":"customizer","zakra_page_sidebar_layout":"customizer","zakra_remove_content_margin":false,"zakra_sidebar":"customizer","zakra_transparent_header":"0","zakra_logo":0,"zakra_main_header_style":"default","zakra_menu_item_color":null,"zakra_menu_item_hover_color":null,"zakra_menu_item_active_color":null,"zakra_menu_active_style":"","zakra_page_header":false,"footnotes":""},"class_list":["post-1498","page","type-page","status-publish","hentry"],"yoast_head":"<!-- This site is optimized with the Yoast SEO plugin v27.5 - https:\/\/yoast.com\/product\/yoast-seo-wordpress\/ -->\n<title>Politique de confidentialit\u00e9 pour les clients et les fournisseurs - nimax automation<\/title>\n<meta name=\"description\" content=\"Politique de confidentialit\u00e9 de Nimax Automation pour les clients et les fournisseurs.\" \/>\n<meta name=\"robots\" content=\"index, follow, max-snippet:-1, max-image-preview:large, max-video-preview:-1\" \/>\n<link rel=\"canonical\" href=\"https:\/\/www.nimaxautomation.com\/es\/politica-de-privacidad-para-clientes-y-proveedores\/\" \/>\n<meta property=\"og:locale\" content=\"fr_FR\" \/>\n<meta property=\"og:type\" content=\"article\" \/>\n<meta property=\"og:title\" content=\"Politique de confidentialit\u00e9 pour les clients et les fournisseurs - nimax automation\" \/>\n<meta property=\"og:description\" content=\"Politique de confidentialit\u00e9 de Nimax Automation pour les clients et les fournisseurs.\" \/>\n<meta property=\"og:url\" content=\"https:\/\/www.nimaxautomation.com\/es\/politica-de-privacidad-para-clientes-y-proveedores\/\" \/>\n<meta property=\"og:site_name\" content=\"nimax automation\" \/>\n<meta property=\"article:modified_time\" content=\"2023-12-22T14:17:59+00:00\" \/>\n<meta property=\"og:image\" content=\"https:\/\/www.nimaxautomation.com\/wp-content\/uploads\/2021\/10\/logo-meta-nimax-automation.png\" \/>\n\t<meta property=\"og:image:width\" content=\"492\" \/>\n\t<meta property=\"og:image:height\" content=\"289\" \/>\n\t<meta property=\"og:image:type\" content=\"image\/png\" \/>\n<meta name=\"twitter:card\" content=\"summary_large_image\" \/>\n<meta name=\"twitter:label1\" content=\"Dur\u00e9e de lecture estim\u00e9e\" \/>\n\t<meta name=\"twitter:data1\" content=\"4 minutes\" \/>\n<script type=\"application\/ld+json\" class=\"yoast-schema-graph\">{\"@context\":\"https:\\\/\\\/schema.org\",\"@graph\":[{\"@type\":\"WebPage\",\"@id\":\"https:\\\/\\\/www.nimaxautomation.com\\\/es\\\/politica-de-privacidad-para-clientes-y-proveedores\\\/\",\"url\":\"https:\\\/\\\/www.nimaxautomation.com\\\/es\\\/politica-de-privacidad-para-clientes-y-proveedores\\\/\",\"name\":\"Politique de confidentialit\u00e9 pour les clients et les fournisseurs - nimax automation\",\"isPartOf\":{\"@id\":\"https:\\\/\\\/www.nimaxautomation.com\\\/#website\"},\"datePublished\":\"2021-10-29T14:01:32+00:00\",\"dateModified\":\"2023-12-22T14:17:59+00:00\",\"description\":\"Politique de confidentialit\u00e9 de Nimax Automation pour les clients et les fournisseurs.\",\"breadcrumb\":{\"@id\":\"https:\\\/\\\/www.nimaxautomation.com\\\/es\\\/politica-de-privacidad-para-clientes-y-proveedores\\\/#breadcrumb\"},\"inLanguage\":\"fr-FR\",\"potentialAction\":[{\"@type\":\"ReadAction\",\"target\":[\"https:\\\/\\\/www.nimaxautomation.com\\\/es\\\/politica-de-privacidad-para-clientes-y-proveedores\\\/\"]}]},{\"@type\":\"BreadcrumbList\",\"@id\":\"https:\\\/\\\/www.nimaxautomation.com\\\/es\\\/politica-de-privacidad-para-clientes-y-proveedores\\\/#breadcrumb\",\"itemListElement\":[{\"@type\":\"ListItem\",\"position\":1,\"name\":\"Home\",\"item\":\"https:\\\/\\\/www.nimaxautomation.com\\\/\"},{\"@type\":\"ListItem\",\"position\":2,\"name\":\"Politique de confidentialit\u00e9 pour les clients et les fournisseurs\"}]},{\"@type\":\"WebSite\",\"@id\":\"https:\\\/\\\/www.nimaxautomation.com\\\/#website\",\"url\":\"https:\\\/\\\/www.nimaxautomation.com\\\/\",\"name\":\"nimax automation\",\"description\":\"\",\"publisher\":{\"@id\":\"https:\\\/\\\/www.nimaxautomation.com\\\/#organization\"},\"potentialAction\":[{\"@type\":\"SearchAction\",\"target\":{\"@type\":\"EntryPoint\",\"urlTemplate\":\"https:\\\/\\\/www.nimaxautomation.com\\\/?s={search_term_string}\"},\"query-input\":{\"@type\":\"PropertyValueSpecification\",\"valueRequired\":true,\"valueName\":\"search_term_string\"}}],\"inLanguage\":\"fr-FR\"},{\"@type\":\"Organization\",\"@id\":\"https:\\\/\\\/www.nimaxautomation.com\\\/#organization\",\"name\":\"nimax automation\",\"url\":\"https:\\\/\\\/www.nimaxautomation.com\\\/\",\"logo\":{\"@type\":\"ImageObject\",\"inLanguage\":\"fr-FR\",\"@id\":\"https:\\\/\\\/www.nimaxautomation.com\\\/#\\\/schema\\\/logo\\\/image\\\/\",\"url\":\"https:\\\/\\\/www.nimaxautomation.com\\\/wp-content\\\/uploads\\\/2021\\\/10\\\/logo-meta-nimax-automation.png\",\"contentUrl\":\"https:\\\/\\\/www.nimaxautomation.com\\\/wp-content\\\/uploads\\\/2021\\\/10\\\/logo-meta-nimax-automation.png\",\"width\":492,\"height\":289,\"caption\":\"nimax automation\"},\"image\":{\"@id\":\"https:\\\/\\\/www.nimaxautomation.com\\\/#\\\/schema\\\/logo\\\/image\\\/\"}}]}<\/script>\n<!-- \/ Yoast SEO plugin. -->","yoast_head_json":{"title":"Politique de confidentialit\u00e9 pour les clients et les fournisseurs - nimax automation","description":"Politique de confidentialit\u00e9 de Nimax Automation pour les clients et les fournisseurs.","robots":{"index":"index","follow":"follow","max-snippet":"max-snippet:-1","max-image-preview":"max-image-preview:large","max-video-preview":"max-video-preview:-1"},"canonical":"https:\/\/www.nimaxautomation.com\/es\/politica-de-privacidad-para-clientes-y-proveedores\/","og_locale":"fr_FR","og_type":"article","og_title":"Politique de confidentialit\u00e9 pour les clients et les fournisseurs - nimax automation","og_description":"Politique de confidentialit\u00e9 de Nimax Automation pour les clients et les fournisseurs.","og_url":"https:\/\/www.nimaxautomation.com\/es\/politica-de-privacidad-para-clientes-y-proveedores\/","og_site_name":"nimax automation","article_modified_time":"2023-12-22T14:17:59+00:00","og_image":[{"width":492,"height":289,"url":"https:\/\/www.nimaxautomation.com\/wp-content\/uploads\/2021\/10\/logo-meta-nimax-automation.png","type":"image\/png"}],"twitter_card":"summary_large_image","twitter_misc":{"Dur\u00e9e de lecture estim\u00e9e":"4 minutes"},"schema":{"@context":"https:\/\/schema.org","@graph":[{"@type":"WebPage","@id":"https:\/\/www.nimaxautomation.com\/es\/politica-de-privacidad-para-clientes-y-proveedores\/","url":"https:\/\/www.nimaxautomation.com\/es\/politica-de-privacidad-para-clientes-y-proveedores\/","name":"Politique de confidentialit\u00e9 pour les clients et les fournisseurs - nimax automation","isPartOf":{"@id":"https:\/\/www.nimaxautomation.com\/#website"},"datePublished":"2021-10-29T14:01:32+00:00","dateModified":"2023-12-22T14:17:59+00:00","description":"Politique de confidentialit\u00e9 de Nimax Automation pour les clients et les fournisseurs.","breadcrumb":{"@id":"https:\/\/www.nimaxautomation.com\/es\/politica-de-privacidad-para-clientes-y-proveedores\/#breadcrumb"},"inLanguage":"fr-FR","potentialAction":[{"@type":"ReadAction","target":["https:\/\/www.nimaxautomation.com\/es\/politica-de-privacidad-para-clientes-y-proveedores\/"]}]},{"@type":"BreadcrumbList","@id":"https:\/\/www.nimaxautomation.com\/es\/politica-de-privacidad-para-clientes-y-proveedores\/#breadcrumb","itemListElement":[{"@type":"ListItem","position":1,"name":"Home","item":"https:\/\/www.nimaxautomation.com\/"},{"@type":"ListItem","position":2,"name":"Politique de confidentialit\u00e9 pour les clients et les fournisseurs"}]},{"@type":"WebSite","@id":"https:\/\/www.nimaxautomation.com\/#website","url":"https:\/\/www.nimaxautomation.com\/","name":"nimax automation","description":"","publisher":{"@id":"https:\/\/www.nimaxautomation.com\/#organization"},"potentialAction":[{"@type":"SearchAction","target":{"@type":"EntryPoint","urlTemplate":"https:\/\/www.nimaxautomation.com\/?s={search_term_string}"},"query-input":{"@type":"PropertyValueSpecification","valueRequired":true,"valueName":"search_term_string"}}],"inLanguage":"fr-FR"},{"@type":"Organization","@id":"https:\/\/www.nimaxautomation.com\/#organization","name":"nimax automation","url":"https:\/\/www.nimaxautomation.com\/","logo":{"@type":"ImageObject","inLanguage":"fr-FR","@id":"https:\/\/www.nimaxautomation.com\/#\/schema\/logo\/image\/","url":"https:\/\/www.nimaxautomation.com\/wp-content\/uploads\/2021\/10\/logo-meta-nimax-automation.png","contentUrl":"https:\/\/www.nimaxautomation.com\/wp-content\/uploads\/2021\/10\/logo-meta-nimax-automation.png","width":492,"height":289,"caption":"nimax automation"},"image":{"@id":"https:\/\/www.nimaxautomation.com\/#\/schema\/logo\/image\/"}}]}},"_links":{"self":[{"href":"https:\/\/www.nimaxautomation.com\/fr\/wp-json\/wp\/v2\/pages\/1498","targetHints":{"allow":["GET"]}}],"collection":[{"href":"https:\/\/www.nimaxautomation.com\/fr\/wp-json\/wp\/v2\/pages"}],"about":[{"href":"https:\/\/www.nimaxautomation.com\/fr\/wp-json\/wp\/v2\/types\/page"}],"author":[{"embeddable":true,"href":"https:\/\/www.nimaxautomation.com\/fr\/wp-json\/wp\/v2\/users\/3"}],"replies":[{"embeddable":true,"href":"https:\/\/www.nimaxautomation.com\/fr\/wp-json\/wp\/v2\/comments?post=1498"}],"version-history":[{"count":14,"href":"https:\/\/www.nimaxautomation.com\/fr\/wp-json\/wp\/v2\/pages\/1498\/revisions"}],"predecessor-version":[{"id":2093,"href":"https:\/\/www.nimaxautomation.com\/fr\/wp-json\/wp\/v2\/pages\/1498\/revisions\/2093"}],"wp:attachment":[{"href":"https:\/\/www.nimaxautomation.com\/fr\/wp-json\/wp\/v2\/media?parent=1498"}],"curies":[{"name":"wp","href":"https:\/\/api.w.org\/{rel}","templated":true}]}}