{"id":1590,"date":"2021-11-08T10:17:15","date_gmt":"2021-11-08T10:17:15","guid":{"rendered":"https:\/\/www.nimaxautomation.com\/?page_id=1590"},"modified":"2025-12-22T14:52:58","modified_gmt":"2025-12-22T14:52:58","slug":"datenschutzrichtlinie-fuer-benutzer","status":"publish","type":"page","link":"https:\/\/www.nimaxautomation.com\/de\/datenschutzrichtlinie-fuer-benutzer\/","title":{"rendered":"Datenschutzrichtlinie f\u00fcr Benutzer"},"content":{"rendered":"\t\t<div data-elementor-type=\"wp-page\" data-elementor-id=\"1590\" class=\"elementor elementor-1590 elementor-1456\">\n\t\t\t\t\t\t<section class=\"elementor-section elementor-top-section elementor-element elementor-element-012a608 elementor-section-boxed elementor-section-height-default elementor-section-height-default\" data-id=\"012a608\" data-element_type=\"section\" data-e-type=\"section\">\n\t\t\t\t\t\t<div class=\"elementor-container elementor-column-gap-default\">\n\t\t\t\t\t<div class=\"elementor-column elementor-col-100 elementor-top-column elementor-element elementor-element-89d5daf\" data-id=\"89d5daf\" data-element_type=\"column\" data-e-type=\"column\">\n\t\t\t<div class=\"elementor-widget-wrap elementor-element-populated\">\n\t\t\t\t\t\t<div class=\"elementor-element elementor-element-6ee7d3c elementor-widget elementor-widget-text-editor\" data-id=\"6ee7d3c\" data-element_type=\"widget\" data-e-type=\"widget\" data-widget_type=\"text-editor.default\">\n\t\t\t\t<div class=\"elementor-widget-container\">\n\t\t\t\t\t\t\t\t\t<h2><strong>Datenschutzrichtlinie f\u00fcr Benutzer<\/strong><\/h2><h4><strong>Pr\u00e4misse<\/strong><\/h4><p>&#8220;<em>nimax s.p.a<\/em>&#8221; erachtet die Privatsph\u00e4re seiner Nutzer als von grundlegender Bedeutung und garantiert, dass die Verarbeitung personenbezogener Daten unter Wahrung der Grundrechte und Grundfreiheiten sowie der W\u00fcrde der betroffenen Person erfolgt, unter besonderer Ber\u00fccksichtigung der Vertraulichkeit, pers\u00f6nliche Identit\u00e4t und das Recht auf Schutz personenbezogener Daten. In diesem Zusammenhang hat &#8220;nimax s.p.a&#8221; eine Datenschutzrichtlinie f\u00fcr alle Verwaltungsmethoden ihrer Website (und aller darin enthaltenen Dienste) in Bezug auf die Verarbeitung der personenbezogenen Daten der Benutzer verabschiedet und implementiert.<\/p><p>Wir bitten Sie daher, die folgenden Informationen zu lesen und regelm\u00e4\u00dfig sorgf\u00e4ltig zu pr\u00fcfen, um eventuell erforderliche Aktualisierungen oder \u00dcberarbeitungen zu pr\u00fcfen.<\/p><p>Die EU-Verordnung 2016\/679 schreibt die Verpflichtung auf, interessierte Parteien \u00fcber die verschiedenen grundlegenden Elemente (in den Artikeln 13 und 14 spezifiziert) in Bezug auf die Verarbeitung der sie betreffenden personenbezogenen Daten zu informieren. Soweit die unterzeichnende Gesellschaft betroffen ist, wird sie vollst\u00e4ndig erf\u00fcllt, indem sie Ihnen mitteilt, dass:<\/p><p>Inhaber der Behandlung<\/p><p>Der Datenverantwortliche ist &#8220;<strong><em>nimax s.p.a.<\/em><\/strong>&#8220;,<\/p><p>Via dell\u2019Arcoveggio, 59\/2 &#8211; 40129 Bologna (BO)<\/p><p>Tel. 051-4199111<\/p><p>E-Mail: <strong><a href=\"mailto:privacy@nimax.it\">privacy@nimax.it<\/a><\/strong><\/p><p><strong>Zweck der Verarbeitung<\/strong><\/p><p>Alle erhobenen Daten werden, immer in \u00dcbereinstimmung mit den geltenden Gesetzen, zu institutionellen Zwecken verarbeitet, die mit der Bereitstellung des Zugangs zu dieser Website verbunden und \/ oder instrumentell sind, einschlie\u00dflich aller vom Benutzer angeforderten zus\u00e4tzlichen Dienste, insbesondere:<\/p><ol><li>um den angeforderten Dienst auszuf\u00fchren (wie z. B. den Zugriff auf die Site mit all ihren Funktionen oder die Registrierung f\u00fcr Newsletter). Zu diesem Zweck k\u00f6nnen die Daten an Dritte weitergegeben werden, deren Mitwirkung &#8220;<em>nimax s.p.a<\/em>&#8221; zur Erf\u00fcllung der oben genannten Zwecke verwenden kann und \/ oder muss. Es ist jedoch m\u00f6glich, die Website ohne Angabe personenbezogener Daten zu besuchen, auch wenn einige Funktionen m\u00f6glicherweise nicht verf\u00fcgbar sind und einige Dienste nicht bereitgestellt werden k\u00f6nnen.<\/li><li>f\u00fcr betriebliche und verwaltungsinterne Bed\u00fcrfnisse von &#8220;<em>nimax s.p.a<\/em>&#8221; und im Zusammenhang mit den angebotenen Dienstleistungen;<\/li><li>zur Erf\u00fcllung gesetzlicher Verpflichtungen im Allgemeinen.<\/li><\/ol><h4><strong>Zweck der Verarbeitung<\/strong><\/h4><p>Alle erhobenen Daten werden, immer in \u00dcbereinstimmung mit den geltenden Gesetzen, zu institutionellen Zwecken verarbeitet, die mit der Bereitstellung des Zugangs zu dieser Website verbunden und \/ oder instrumentell sind, einschlie\u00dflich aller vom Benutzer angeforderten zus\u00e4tzlichen Dienste, insbesondere:<\/p><ol><li>um den angeforderten Dienst auszuf\u00fchren (wie z. B. den Zugriff auf die Site mit all ihren Funktionen oder die Registrierung f\u00fcr Newsletter). Zu diesem Zweck k\u00f6nnen die Daten an Dritte weitergegeben werden, deren Mitwirkung &#8220;<em>nimax s.p.a<\/em>&#8221; zur Erf\u00fcllung der oben genannten Zwecke verwenden kann und \/ oder muss. Es ist jedoch m\u00f6glich, die Website ohne Angabe personenbezogener Daten zu besuchen, auch wenn einige Funktionen m\u00f6glicherweise nicht verf\u00fcgbar sind und einige Dienste nicht bereitgestellt werden k\u00f6nnen.<\/li><li>f\u00fcr betriebliche und verwaltungsinterne Bed\u00fcrfnisse von &#8220;<em>nimax s.p.a<\/em>&#8221; und im Zusammenhang mit den angebotenen Dienstleistungen;<\/li><li>zur Erf\u00fcllung gesetzlicher Verpflichtungen im Allgemeinen.<\/li><\/ol><h4><strong>Arten der verarbeiteten Daten<\/strong><\/h4><p><strong>&#8211; Navigationsdaten &#8211;<\/strong><\/p><p>Die Computersysteme und Softwareverfahren, die f\u00fcr den Betrieb dieser Website verwendet werden, erfassen w\u00e4hrend ihres normalen Betriebs einige personenbezogene Daten, deren \u00dcbertragung bei der Verwendung von Internet-Kommunikationsprotokollen implizit ist.<\/p><p>Diese Informationen werden nicht gesammelt, um identifizierten interessierten Parteien zugeordnet zu werden, sondern k\u00f6nnten ihrer Natur nach durch Verarbeitung und Verkn\u00fcpfung mit Daten im Besitz Dritter eine Identifizierung der Benutzer erm\u00f6glichen.<\/p><p>Diese Daten werden ausschlie\u00dflich dazu verwendet, anonyme statistische Informationen \u00fcber die Nutzung der Website zu erhalten und deren korrekte Funktion zu \u00fcberpr\u00fcfen und werden nach der Verarbeitung sofort gel\u00f6scht. Die Daten k\u00f6nnten verwendet werden, um die Verantwortlichkeit im Falle hypothetischer Computerkriminalit\u00e4t gegen die Website festzustellen.<\/p><p><strong>&#8211; Vom Nutzer freiwillig angegebene Daten &#8211;<\/strong><\/p><p>Die freiwillige, ausdr\u00fcckliche und freiwillige \u00dcbermittlung personenbezogener Daten an diese Website \u00fcber die entsprechenden ausf\u00fcllbaren Formulare sowie die anderen angegebenen Kontaktkan\u00e4le beinhaltet die anschlie\u00dfende Erfassung der E-Mail-Adresse des Absenders, die f\u00fcr die Beantwortung von Anfragen erforderlich ist, und der andere personenbezogene Daten, die m\u00f6glicherweise aufgrund des angeforderten Dienstes \u00fcbermittelt werden.<\/p><h4><strong>Verarbeitungsmethoden und Aufbewahrungsfrist<\/strong><\/h4><p>Ihre personenbezogenen Daten werden mit Hilfe von digitalen oder Papiermedien verarbeitet, immer unter vollst\u00e4ndiger Einhaltung der Grunds\u00e4tze der Sicherheit und Vertraulichkeit. Ihre personenbezogenen Daten werden f\u00fcr den Zeitraum aufbewahrt, der zur Erf\u00fcllung der Zwecke, f\u00fcr die sie erhoben wurden, erforderlich ist oder bis Sie Ihre ausdr\u00fcckliche Aufforderung zur L\u00f6schung haben (siehe Abschnitt \u201eRechte der Betroffenen\u201c). W\u00e4hrend der Aufbewahrungsfrist werden Ihre personenbezogenen Daten immer in \u00dcbereinstimmung mit den geltenden Gesetzen gespeichert.<\/p><h4><strong>Weitergabe personenbezogener Daten<\/strong><\/h4><p>Ihre personenbezogenen Daten werden nicht weitergegeben, was bedeutet, dass sie in irgendeiner Weise an unbestimmte Personen weitergegeben werden, auch nicht durch Bereitstellung oder Beratung. Dar\u00fcber hinaus wird gew\u00e4hrleistet, dass die Behandlungen so durchgef\u00fchrt werden, dass die Verwendung personenbezogener Daten und Identifikationsdaten auf ein Minimum beschr\u00e4nkt und deren Verwendung auf F\u00e4lle beschr\u00e4nkt wird, in denen sie zur Erreichung der Zwecke, f\u00fcr die sie erhoben wurden, unbedingt erforderlich sind.<\/p><p>&#8220;<em>nimax s.p.a.<\/em>&#8221; garantiert auch die Einf\u00fchrung und Einhaltung spezifischer Sicherheitsma\u00dfnahmen, um den Verlust von Daten und deren illegale oder unsachgem\u00e4\u00dfe Verwendung zu verhindern.<\/p><h4><strong>Geltungsbereich<\/strong><\/h4><p>Die unten aufgef\u00fchrten Verwaltungsmethoden beziehen sich auf diese Website in Bezug auf die Verarbeitung personenbezogener Daten der Benutzer, die sie konsultieren und mit den Diensten und Webseiten interagieren, die elektronisch unter der Adresse zug\u00e4nglich sind:<\/p><p>www.nimaxautomation.com<\/p><p>entsprechend der Homepage der Site.<\/p><p>Die Informationen werden ausschlie\u00dflich in Bezug auf die betreffende Site und ihre Teile bereitgestellt und k\u00f6nnen nicht auf andere Sites oder Seiten ausgedehnt werden, die nicht zu der Site selbst geh\u00f6ren (einschlie\u00dflich derjenigen, die vom Benutzer \u00fcber direkte Links von dieser Site aus aufgerufen werden k\u00f6nnen).<\/p><p>Insbesondere gibt es auf dieser Seite Links zu einigen sozialen Seiten: Linkedin, Facebook, Youtube. Diese Informationen k\u00f6nnen nicht einmal auf solche Sites ausgedehnt werden, durch deren Eingabe der Benutzer den Eigent\u00fcmer von jeglicher Verantwortung entbindet. Um die Datenschutzrichtlinien dieser Unternehmen einzusehen, wird der Benutzer gebeten, die entsprechenden Websites zu besuchen:<\/p><p>LinkedIn: <a href=\"https:\/\/it.linkedin.com\/legal\/privacy-policy?_l=it_IT\" target=\"_blank\" rel=\"noopener\"><strong>https:\/\/it.linkedin.com\/legal\/privacy-policy?_l=it_IT<\/strong><\/a><\/p><p>Facebook: <a href=\"https:\/\/www.facebook.com\/privacy\/\" target=\"_blank\" rel=\"noopener\"><strong>https:\/\/www.facebook.com\/privacy\/<\/strong><\/a><\/p><p>YouTube: <a href=\"https:\/\/support.google.com\/youtube\/answer\/2801895?hl=it&amp;ref_topic=9386940\" target=\"_blank\" rel=\"noopener\"><strong>https:\/\/support.google.com\/youtube\/answer\/2801895?hl=it&amp;ref_topic=9386940<\/strong><\/a><\/p><p><strong>\u00a0<\/strong><strong>Rechte von Interessenten<\/strong><\/p><p>Gem\u00e4\u00df den Bestimmungen der Artikel 15-22 der EU-Verordnung 2016\/679 haben die Personen, auf die sich die personenbezogenen Daten beziehen, das Recht auf:<\/p><ul><li>eine Best\u00e4tigung \u00fcber das Vorhandensein oder Nichtvorhandensein derselben Daten zu erhalten, Zugang zu ihren personenbezogenen Daten und Informationen \u00fcber sie zu verlangen sowie die Berichtigung unrichtiger oder die Integration unvollst\u00e4ndiger Daten;<\/li><li>die L\u00f6schung ihrer personenbezogenen Daten (bei Eintritt einer der in Art. 17 Abs\u00e4tze 1 und 3) genannten Bedingungen oder die Einschr\u00e4nkung ihrer Verwendung verlangen;<\/li><li>sich der Verarbeitung ihrer personenbezogenen Daten zu widersetzen und die Einwilligung jederzeit zu widerrufen (beschr\u00e4nkt auf F\u00e4lle, in denen die Verarbeitung auf einer Einwilligung f\u00fcr einen oder mehrere bestimmte Zwecke beruht);<\/li><li>eine Beschwerde bei einer Aufsichtsbeh\u00f6rde einreichen (Beh\u00f6rde f\u00fcr den Schutz personenbezogener Daten &#8211; <strong><a href=\"https:\/\/garanteprivacy.it\/\" target=\"_blank\" rel=\"noopener\">garanteprivacy.it<\/a><\/strong> ).<\/li><\/ul>\t\t\t\t\t\t\t\t<\/div>\n\t\t\t\t<\/div>\n\t\t\t\t\t<\/div>\n\t\t<\/div>\n\t\t\t\t\t<\/div>\n\t\t<\/section>\n\t\t\t\t<\/div>\n\t\t","protected":false},"excerpt":{"rendered":"<p>Datenschutzrichtlinie f\u00fcr Benutzer Pr\u00e4misse &#8220;nimax s.p.a&#8221; erachtet die Privatsph\u00e4re seiner Nutzer als von grundlegender Bedeutung und garantiert, dass die Verarbeitung personenbezogener Daten unter Wahrung der Grundrechte und Grundfreiheiten sowie der W\u00fcrde der betroffenen Person erfolgt, unter besonderer Ber\u00fccksichtigung der Vertraulichkeit, pers\u00f6nliche Identit\u00e4t und das Recht auf Schutz personenbezogener Daten. In diesem Zusammenhang hat &#8220;nimax s.p.a&#8221; [&hellip;]<\/p>\n","protected":false},"author":3,"featured_media":0,"parent":0,"menu_order":0,"comment_status":"closed","ping_status":"closed","template":"","meta":{"zakra_page_container_layout":"customizer","zakra_page_sidebar_layout":"customizer","zakra_remove_content_margin":true,"zakra_sidebar":"customizer","zakra_transparent_header":"0","zakra_logo":0,"zakra_main_header_style":"default","zakra_menu_item_color":null,"zakra_menu_item_hover_color":null,"zakra_menu_item_active_color":null,"zakra_menu_active_style":"","zakra_page_header":false,"footnotes":""},"class_list":["post-1590","page","type-page","status-publish","hentry"],"yoast_head":"<!-- This site is optimized with the Yoast SEO plugin v27.5 - https:\/\/yoast.com\/product\/yoast-seo-wordpress\/ -->\n<title>Datenschutzrichtlinie f\u00fcr Benutzer - nimax automation<\/title>\n<meta name=\"description\" content=\"Nimax Automation-Datenschutzrichtlinie f\u00fcr Benutzer.\" \/>\n<meta name=\"robots\" content=\"index, follow, max-snippet:-1, max-image-preview:large, max-video-preview:-1\" \/>\n<link rel=\"canonical\" href=\"https:\/\/www.nimaxautomation.com\/de\/datenschutzrichtlinie-fuer-benutzer\/\" \/>\n<meta property=\"og:locale\" content=\"de_DE\" \/>\n<meta property=\"og:type\" content=\"article\" \/>\n<meta property=\"og:title\" content=\"Datenschutzrichtlinie f\u00fcr Benutzer - nimax automation\" \/>\n<meta property=\"og:description\" content=\"Nimax Automation-Datenschutzrichtlinie f\u00fcr Benutzer.\" \/>\n<meta property=\"og:url\" content=\"https:\/\/www.nimaxautomation.com\/de\/datenschutzrichtlinie-fuer-benutzer\/\" \/>\n<meta property=\"og:site_name\" content=\"nimax automation\" \/>\n<meta property=\"article:modified_time\" content=\"2025-12-22T14:52:58+00:00\" \/>\n<meta property=\"og:image\" content=\"https:\/\/www.nimaxautomation.com\/wp-content\/uploads\/2021\/10\/logo-meta-nimax-automation.png\" \/>\n\t<meta property=\"og:image:width\" content=\"492\" \/>\n\t<meta property=\"og:image:height\" content=\"289\" \/>\n\t<meta property=\"og:image:type\" content=\"image\/png\" \/>\n<meta name=\"twitter:card\" content=\"summary_large_image\" \/>\n<meta name=\"twitter:label1\" content=\"Gesch\u00e4tzte Lesezeit\" \/>\n\t<meta name=\"twitter:data1\" content=\"6 minutes\" \/>\n<script type=\"application\/ld+json\" class=\"yoast-schema-graph\">{\"@context\":\"https:\\\/\\\/schema.org\",\"@graph\":[{\"@type\":\"WebPage\",\"@id\":\"https:\\\/\\\/www.nimaxautomation.com\\\/de\\\/datenschutzrichtlinie-fuer-benutzer\\\/\",\"url\":\"https:\\\/\\\/www.nimaxautomation.com\\\/de\\\/datenschutzrichtlinie-fuer-benutzer\\\/\",\"name\":\"Datenschutzrichtlinie f\u00fcr Benutzer - nimax automation\",\"isPartOf\":{\"@id\":\"https:\\\/\\\/www.nimaxautomation.com\\\/#website\"},\"datePublished\":\"2021-11-08T10:17:15+00:00\",\"dateModified\":\"2025-12-22T14:52:58+00:00\",\"description\":\"Nimax Automation-Datenschutzrichtlinie f\u00fcr Benutzer.\",\"breadcrumb\":{\"@id\":\"https:\\\/\\\/www.nimaxautomation.com\\\/de\\\/datenschutzrichtlinie-fuer-benutzer\\\/#breadcrumb\"},\"inLanguage\":\"de-DE\",\"potentialAction\":[{\"@type\":\"ReadAction\",\"target\":[\"https:\\\/\\\/www.nimaxautomation.com\\\/de\\\/datenschutzrichtlinie-fuer-benutzer\\\/\"]}]},{\"@type\":\"BreadcrumbList\",\"@id\":\"https:\\\/\\\/www.nimaxautomation.com\\\/de\\\/datenschutzrichtlinie-fuer-benutzer\\\/#breadcrumb\",\"itemListElement\":[{\"@type\":\"ListItem\",\"position\":1,\"name\":\"Home\",\"item\":\"https:\\\/\\\/www.nimaxautomation.com\\\/\"},{\"@type\":\"ListItem\",\"position\":2,\"name\":\"Datenschutzrichtlinie f\u00fcr Benutzer\"}]},{\"@type\":\"WebSite\",\"@id\":\"https:\\\/\\\/www.nimaxautomation.com\\\/#website\",\"url\":\"https:\\\/\\\/www.nimaxautomation.com\\\/\",\"name\":\"nimax automation\",\"description\":\"\",\"publisher\":{\"@id\":\"https:\\\/\\\/www.nimaxautomation.com\\\/#organization\"},\"potentialAction\":[{\"@type\":\"SearchAction\",\"target\":{\"@type\":\"EntryPoint\",\"urlTemplate\":\"https:\\\/\\\/www.nimaxautomation.com\\\/?s={search_term_string}\"},\"query-input\":{\"@type\":\"PropertyValueSpecification\",\"valueRequired\":true,\"valueName\":\"search_term_string\"}}],\"inLanguage\":\"de-DE\"},{\"@type\":\"Organization\",\"@id\":\"https:\\\/\\\/www.nimaxautomation.com\\\/#organization\",\"name\":\"nimax automation\",\"url\":\"https:\\\/\\\/www.nimaxautomation.com\\\/\",\"logo\":{\"@type\":\"ImageObject\",\"inLanguage\":\"de-DE\",\"@id\":\"https:\\\/\\\/www.nimaxautomation.com\\\/#\\\/schema\\\/logo\\\/image\\\/\",\"url\":\"https:\\\/\\\/www.nimaxautomation.com\\\/wp-content\\\/uploads\\\/2021\\\/10\\\/logo-meta-nimax-automation.png\",\"contentUrl\":\"https:\\\/\\\/www.nimaxautomation.com\\\/wp-content\\\/uploads\\\/2021\\\/10\\\/logo-meta-nimax-automation.png\",\"width\":492,\"height\":289,\"caption\":\"nimax automation\"},\"image\":{\"@id\":\"https:\\\/\\\/www.nimaxautomation.com\\\/#\\\/schema\\\/logo\\\/image\\\/\"}}]}<\/script>\n<!-- \/ Yoast SEO plugin. -->","yoast_head_json":{"title":"Datenschutzrichtlinie f\u00fcr Benutzer - nimax automation","description":"Nimax Automation-Datenschutzrichtlinie f\u00fcr Benutzer.","robots":{"index":"index","follow":"follow","max-snippet":"max-snippet:-1","max-image-preview":"max-image-preview:large","max-video-preview":"max-video-preview:-1"},"canonical":"https:\/\/www.nimaxautomation.com\/de\/datenschutzrichtlinie-fuer-benutzer\/","og_locale":"de_DE","og_type":"article","og_title":"Datenschutzrichtlinie f\u00fcr Benutzer - nimax automation","og_description":"Nimax Automation-Datenschutzrichtlinie f\u00fcr Benutzer.","og_url":"https:\/\/www.nimaxautomation.com\/de\/datenschutzrichtlinie-fuer-benutzer\/","og_site_name":"nimax automation","article_modified_time":"2025-12-22T14:52:58+00:00","og_image":[{"width":492,"height":289,"url":"https:\/\/www.nimaxautomation.com\/wp-content\/uploads\/2021\/10\/logo-meta-nimax-automation.png","type":"image\/png"}],"twitter_card":"summary_large_image","twitter_misc":{"Gesch\u00e4tzte Lesezeit":"6 minutes"},"schema":{"@context":"https:\/\/schema.org","@graph":[{"@type":"WebPage","@id":"https:\/\/www.nimaxautomation.com\/de\/datenschutzrichtlinie-fuer-benutzer\/","url":"https:\/\/www.nimaxautomation.com\/de\/datenschutzrichtlinie-fuer-benutzer\/","name":"Datenschutzrichtlinie f\u00fcr Benutzer - nimax automation","isPartOf":{"@id":"https:\/\/www.nimaxautomation.com\/#website"},"datePublished":"2021-11-08T10:17:15+00:00","dateModified":"2025-12-22T14:52:58+00:00","description":"Nimax Automation-Datenschutzrichtlinie f\u00fcr Benutzer.","breadcrumb":{"@id":"https:\/\/www.nimaxautomation.com\/de\/datenschutzrichtlinie-fuer-benutzer\/#breadcrumb"},"inLanguage":"de-DE","potentialAction":[{"@type":"ReadAction","target":["https:\/\/www.nimaxautomation.com\/de\/datenschutzrichtlinie-fuer-benutzer\/"]}]},{"@type":"BreadcrumbList","@id":"https:\/\/www.nimaxautomation.com\/de\/datenschutzrichtlinie-fuer-benutzer\/#breadcrumb","itemListElement":[{"@type":"ListItem","position":1,"name":"Home","item":"https:\/\/www.nimaxautomation.com\/"},{"@type":"ListItem","position":2,"name":"Datenschutzrichtlinie f\u00fcr Benutzer"}]},{"@type":"WebSite","@id":"https:\/\/www.nimaxautomation.com\/#website","url":"https:\/\/www.nimaxautomation.com\/","name":"nimax automation","description":"","publisher":{"@id":"https:\/\/www.nimaxautomation.com\/#organization"},"potentialAction":[{"@type":"SearchAction","target":{"@type":"EntryPoint","urlTemplate":"https:\/\/www.nimaxautomation.com\/?s={search_term_string}"},"query-input":{"@type":"PropertyValueSpecification","valueRequired":true,"valueName":"search_term_string"}}],"inLanguage":"de-DE"},{"@type":"Organization","@id":"https:\/\/www.nimaxautomation.com\/#organization","name":"nimax automation","url":"https:\/\/www.nimaxautomation.com\/","logo":{"@type":"ImageObject","inLanguage":"de-DE","@id":"https:\/\/www.nimaxautomation.com\/#\/schema\/logo\/image\/","url":"https:\/\/www.nimaxautomation.com\/wp-content\/uploads\/2021\/10\/logo-meta-nimax-automation.png","contentUrl":"https:\/\/www.nimaxautomation.com\/wp-content\/uploads\/2021\/10\/logo-meta-nimax-automation.png","width":492,"height":289,"caption":"nimax automation"},"image":{"@id":"https:\/\/www.nimaxautomation.com\/#\/schema\/logo\/image\/"}}]}},"_links":{"self":[{"href":"https:\/\/www.nimaxautomation.com\/de\/wp-json\/wp\/v2\/pages\/1590","targetHints":{"allow":["GET"]}}],"collection":[{"href":"https:\/\/www.nimaxautomation.com\/de\/wp-json\/wp\/v2\/pages"}],"about":[{"href":"https:\/\/www.nimaxautomation.com\/de\/wp-json\/wp\/v2\/types\/page"}],"author":[{"embeddable":true,"href":"https:\/\/www.nimaxautomation.com\/de\/wp-json\/wp\/v2\/users\/3"}],"replies":[{"embeddable":true,"href":"https:\/\/www.nimaxautomation.com\/de\/wp-json\/wp\/v2\/comments?post=1590"}],"version-history":[{"count":22,"href":"https:\/\/www.nimaxautomation.com\/de\/wp-json\/wp\/v2\/pages\/1590\/revisions"}],"predecessor-version":[{"id":2406,"href":"https:\/\/www.nimaxautomation.com\/de\/wp-json\/wp\/v2\/pages\/1590\/revisions\/2406"}],"wp:attachment":[{"href":"https:\/\/www.nimaxautomation.com\/de\/wp-json\/wp\/v2\/media?parent=1590"}],"curies":[{"name":"wp","href":"https:\/\/api.w.org\/{rel}","templated":true}]}}