{"id":1584,"date":"2021-11-08T10:13:20","date_gmt":"2021-11-08T10:13:20","guid":{"rendered":"https:\/\/www.nimaxautomation.com\/?page_id=1584"},"modified":"2025-12-22T14:50:24","modified_gmt":"2025-12-22T14:50:24","slug":"cookie-policy","status":"publish","type":"page","link":"https:\/\/www.nimaxautomation.com\/de\/cookie-policy\/","title":{"rendered":"Cookie-Richtlinie"},"content":{"rendered":"\t\t<div data-elementor-type=\"wp-page\" data-elementor-id=\"1584\" class=\"elementor elementor-1584 elementor-1546\">\n\t\t\t\t\t\t<section class=\"elementor-section elementor-top-section elementor-element elementor-element-940e6a2 elementor-section-boxed elementor-section-height-default elementor-section-height-default\" data-id=\"940e6a2\" data-element_type=\"section\" data-e-type=\"section\">\n\t\t\t\t\t\t<div class=\"elementor-container elementor-column-gap-default\">\n\t\t\t\t\t<div class=\"elementor-column elementor-col-100 elementor-top-column elementor-element elementor-element-6795a0c\" data-id=\"6795a0c\" data-element_type=\"column\" data-e-type=\"column\">\n\t\t\t<div class=\"elementor-widget-wrap elementor-element-populated\">\n\t\t\t\t\t\t<div class=\"elementor-element elementor-element-ddc3c45 elementor-widget elementor-widget-text-editor\" data-id=\"ddc3c45\" data-element_type=\"widget\" data-e-type=\"widget\" data-widget_type=\"text-editor.default\">\n\t\t\t\t<div class=\"elementor-widget-container\">\n\t\t\t\t\t\t\t\t\t<h2><strong>Cookie-Richtlinie<\/strong><\/h2><p>Die EU-Verordnung 2016\/679 zum Schutz personenbezogener Daten fordert in Artikel 13, die interessierte Partei, die mit den Webdiensten von nimax spa interagiert, \u00fcber die grundlegenden Elemente der Verarbeitung ihrer Daten zu informieren.<\/p><p>Der Datenverantwortliche ist das Unternehmen: nimax spa via dell\u2019Arcoveggio 59\/2, 40129 Bologna, tel. 051 4199 111, E-Mail<strong><a href=\"mailto:privacy@nimax.it\"> privacy@nimax.it<\/a><\/strong>.<\/p><p>nimax spa informiert den Besucher mit dem Ziel einer effizienten und korrekten Navigation auf der Unternehmenswebsite.<\/p><h4><strong>Was sind Cookies<\/strong><\/h4><p>Cookies sind kleine Textdateien, die zwischen einem Server und dem Webclient (dem Browser, mit dem Sie surfen) ausgetauscht werden. Sie werden verwendet, um eine automatische Authentifizierung, Sitzungsverfolgung und Speicherung spezifischer Informationen \u00fcber Benutzer durchzuf\u00fchren, die auf den Server zugreifen. Cookies werden verwendet, weil sie f\u00fcr einige Funktionen der Website erforderlich sind und um statistische Daten \u00fcber den Verkehr und die Nutzung der Website selbst zu sammeln.<\/p><p>Sie dienen auch dazu, sich an Vorg\u00e4nge zu erinnern, die der Benutzer in der Vergangenheit bereits auf der Website ausgef\u00fchrt hat, wie z. B. Anmelde- oder Klickvorg\u00e4nge. Sie sparen Zeit, wenn eine Seite mehrmals besucht wird.<\/p><p>Cookies k\u00f6nnen verwendet werden:<\/p><ul><li>um sich an Vorlieben zu erinnern<\/li><li>um sich das Passwort zu merken<\/li><li>um Ihnen das Teilen von Seiten und Inhalten in sozialen Netzwerken zu erm\u00f6glichen<\/li><li>um den Betreibern der Website statistische Informationen wie die Anzahl der Besucher, die geografische Herkunft, die am h\u00e4ufigsten besuchten Seiten, die verwendeten Browser oder die verwendeten Ger\u00e4te zu erm\u00f6glichen.<\/li><\/ul><p>Cookies sind nicht gef\u00e4hrlich, sie sind keine ausf\u00fchrbaren Programme und k\u00f6nnen kein Vehikel f\u00fcr Viren sein. Sie k\u00f6nnen den Nutzer in keiner Weise pers\u00f6nlich identifizieren.<\/p><h4><strong>Arten von verwendeten Cookies<\/strong><\/h4><p>Die nimax-Site verwendet die folgenden Cookies:<\/p><ul><li>&#8220;Technische Cookies&#8221; &#8211; werden verwendet, um die normale Navigation und Nutzung der Website sicherzustellen (z. B. um sich f\u00fcr den Zugriff auf eingeschr\u00e4nkte Bereiche zu authentifizieren). Diese Cookies sind persistent, da sie dem Benutzer bei nachfolgenden Besuchen eine optimale Nutzbarkeit der Website erm\u00f6glichen. Diese Cookies sind f\u00fcr die korrekte Funktionalit\u00e4t der Website erforderlich. Durch Google Analytics werden auch technische Cookies verwendet, um Informationen in aggregierter Form \u00fcber die Anzahl der Benutzer zu sammeln, die auf die Website www.nimaxautomation.com zugreifen und wie sie die Website besuchen; die Informationen geh\u00f6ren Google, werden auf deren Servern gespeichert und k\u00f6nnen von den Verantwortlichen der Website eingesehen werden. Es ist m\u00f6glich, diese Cookies zu deaktivieren, indem Sie Ihren Browser entsprechend konfigurieren oder das Browser-Add-On deaktivieren, um Google Analytics zu deaktivieren.<\/li><li>&#8220;Navigations- oder Sitzungscookies&#8221; &#8211; werden verwendet, um Ihnen die Navigation nach einer Reihe ausgew\u00e4hlter Kriterien (z. B. Sprache, zum Kauf ausgew\u00e4hlte Produkte) zu erm\u00f6glichen, um den von der Website www.nimaxautomation.com bereitgestellten Service zu verbessern. Sie sind nicht dauerhaft, sondern ausschlie\u00dflich auf die \u00dcbertragung von Sitzungskennungen (bestehend aus vom Server generierten Zufallszahlen) beschr\u00e4nkt und erforderlich, um eine sichere und effiziente Erkundung der Website zu erm\u00f6glichen. Sie erlauben nicht die Erfassung der pers\u00f6nlichen Identifikationsdaten des Nutzers.<\/li><li>&#8220;Cookies von Drittanbietern&#8221; &#8211; nimax spa ist nicht verantwortlich f\u00fcr die Cookies, die auf Websites installiert werden, die mit der Website des Unternehmens verlinkt sind; Um die Cookie-Richtlinien dieser Websites zu konsultieren, wenden Sie sich bitte an die Plattformen der jeweiligen Eigent\u00fcmer.<\/li><\/ul><h4><strong>Cookie-Erkl\u00e4rung<\/strong><\/h4>\t\t\t\t\t\t\t\t<\/div>\n\t\t\t\t<\/div>\n\t\t\t\t\t<\/div>\n\t\t<\/div>\n\t\t\t\t\t<\/div>\n\t\t<\/section>\n\t\t\t\t<section class=\"elementor-section elementor-top-section elementor-element elementor-element-e9bc19c elementor-section-boxed elementor-section-height-default elementor-section-height-default\" data-id=\"e9bc19c\" data-element_type=\"section\" data-e-type=\"section\">\n\t\t\t\t\t\t<div class=\"elementor-container elementor-column-gap-default\">\n\t\t\t\t\t<div class=\"elementor-column elementor-col-100 elementor-top-column elementor-element elementor-element-c32c1c0\" data-id=\"c32c1c0\" data-element_type=\"column\" data-e-type=\"column\">\n\t\t\t<div class=\"elementor-widget-wrap elementor-element-populated\">\n\t\t\t\t\t\t<div class=\"elementor-element elementor-element-76f3f6b elementor-widget elementor-widget-html\" data-id=\"76f3f6b\" data-element_type=\"widget\" data-e-type=\"widget\" data-widget_type=\"html.default\">\n\t\t\t\t<div class=\"elementor-widget-container\">\n\t\t\t\t\t<script id=\"CookieDeclaration\" src=\"https:\/\/consent.cookiebot.com\/61499b1a-8507-40da-9a52-f2152ba2d94e\/cd.js\" type=\"text\/javascript\" async><\/script>\t\t\t\t<\/div>\n\t\t\t\t<\/div>\n\t\t\t\t\t<\/div>\n\t\t<\/div>\n\t\t\t\t\t<\/div>\n\t\t<\/section>\n\t\t\t\t<\/div>\n\t\t","protected":false},"excerpt":{"rendered":"<p>Cookie-Richtlinie Die EU-Verordnung 2016\/679 zum Schutz personenbezogener Daten fordert in Artikel 13, die interessierte Partei, die mit den Webdiensten von nimax spa interagiert, \u00fcber die grundlegenden Elemente der Verarbeitung ihrer Daten zu informieren. Der Datenverantwortliche ist das Unternehmen: nimax spa via dell\u2019Arcoveggio 59\/2, 40129 Bologna, tel. 051 4199 111, E-Mail privacy@nimax.it. nimax spa informiert den [&hellip;]<\/p>\n","protected":false},"author":3,"featured_media":0,"parent":0,"menu_order":0,"comment_status":"closed","ping_status":"closed","template":"","meta":{"zakra_page_container_layout":"customizer","zakra_page_sidebar_layout":"customizer","zakra_remove_content_margin":true,"zakra_sidebar":"customizer","zakra_transparent_header":"0","zakra_logo":0,"zakra_main_header_style":"default","zakra_menu_item_color":null,"zakra_menu_item_hover_color":null,"zakra_menu_item_active_color":null,"zakra_menu_active_style":"","zakra_page_header":false,"footnotes":""},"class_list":["post-1584","page","type-page","status-publish","hentry"],"yoast_head":"<!-- This site is optimized with the Yoast SEO plugin v27.5 - https:\/\/yoast.com\/product\/yoast-seo-wordpress\/ -->\n<title>Cookie-Richtlinie - nimax automation<\/title>\n<meta name=\"description\" content=\"Cookie-Richtlinie von Nimax Automation.\" \/>\n<meta name=\"robots\" content=\"index, follow, max-snippet:-1, max-image-preview:large, max-video-preview:-1\" \/>\n<link rel=\"canonical\" href=\"https:\/\/www.nimaxautomation.com\/de\/cookie-policy\/\" \/>\n<meta property=\"og:locale\" content=\"de_DE\" \/>\n<meta property=\"og:type\" content=\"article\" \/>\n<meta property=\"og:title\" content=\"Cookie-Richtlinie - nimax automation\" \/>\n<meta property=\"og:description\" content=\"Cookie-Richtlinie von Nimax Automation.\" \/>\n<meta property=\"og:url\" content=\"https:\/\/www.nimaxautomation.com\/de\/cookie-policy\/\" \/>\n<meta property=\"og:site_name\" content=\"nimax automation\" \/>\n<meta property=\"article:modified_time\" content=\"2025-12-22T14:50:24+00:00\" \/>\n<meta property=\"og:image\" content=\"https:\/\/www.nimaxautomation.com\/wp-content\/uploads\/2021\/10\/logo-meta-nimax-automation.png\" \/>\n\t<meta property=\"og:image:width\" content=\"492\" \/>\n\t<meta property=\"og:image:height\" content=\"289\" \/>\n\t<meta property=\"og:image:type\" content=\"image\/png\" \/>\n<meta name=\"twitter:card\" content=\"summary_large_image\" \/>\n<meta name=\"twitter:label1\" content=\"Gesch\u00e4tzte Lesezeit\" \/>\n\t<meta name=\"twitter:data1\" content=\"9 minutes\" \/>\n<script type=\"application\/ld+json\" class=\"yoast-schema-graph\">{\"@context\":\"https:\\\/\\\/schema.org\",\"@graph\":[{\"@type\":\"WebPage\",\"@id\":\"https:\\\/\\\/www.nimaxautomation.com\\\/de\\\/cookie-policy\\\/\",\"url\":\"https:\\\/\\\/www.nimaxautomation.com\\\/de\\\/cookie-policy\\\/\",\"name\":\"Cookie-Richtlinie - nimax automation\",\"isPartOf\":{\"@id\":\"https:\\\/\\\/www.nimaxautomation.com\\\/#website\"},\"datePublished\":\"2021-11-08T10:13:20+00:00\",\"dateModified\":\"2025-12-22T14:50:24+00:00\",\"description\":\"Cookie-Richtlinie von Nimax Automation.\",\"breadcrumb\":{\"@id\":\"https:\\\/\\\/www.nimaxautomation.com\\\/de\\\/cookie-policy\\\/#breadcrumb\"},\"inLanguage\":\"de-DE\",\"potentialAction\":[{\"@type\":\"ReadAction\",\"target\":[\"https:\\\/\\\/www.nimaxautomation.com\\\/de\\\/cookie-policy\\\/\"]}]},{\"@type\":\"BreadcrumbList\",\"@id\":\"https:\\\/\\\/www.nimaxautomation.com\\\/de\\\/cookie-policy\\\/#breadcrumb\",\"itemListElement\":[{\"@type\":\"ListItem\",\"position\":1,\"name\":\"Home\",\"item\":\"https:\\\/\\\/www.nimaxautomation.com\\\/\"},{\"@type\":\"ListItem\",\"position\":2,\"name\":\"Cookie-Richtlinie\"}]},{\"@type\":\"WebSite\",\"@id\":\"https:\\\/\\\/www.nimaxautomation.com\\\/#website\",\"url\":\"https:\\\/\\\/www.nimaxautomation.com\\\/\",\"name\":\"nimax automation\",\"description\":\"\",\"publisher\":{\"@id\":\"https:\\\/\\\/www.nimaxautomation.com\\\/#organization\"},\"potentialAction\":[{\"@type\":\"SearchAction\",\"target\":{\"@type\":\"EntryPoint\",\"urlTemplate\":\"https:\\\/\\\/www.nimaxautomation.com\\\/?s={search_term_string}\"},\"query-input\":{\"@type\":\"PropertyValueSpecification\",\"valueRequired\":true,\"valueName\":\"search_term_string\"}}],\"inLanguage\":\"de-DE\"},{\"@type\":\"Organization\",\"@id\":\"https:\\\/\\\/www.nimaxautomation.com\\\/#organization\",\"name\":\"nimax automation\",\"url\":\"https:\\\/\\\/www.nimaxautomation.com\\\/\",\"logo\":{\"@type\":\"ImageObject\",\"inLanguage\":\"de-DE\",\"@id\":\"https:\\\/\\\/www.nimaxautomation.com\\\/#\\\/schema\\\/logo\\\/image\\\/\",\"url\":\"https:\\\/\\\/www.nimaxautomation.com\\\/wp-content\\\/uploads\\\/2021\\\/10\\\/logo-meta-nimax-automation.png\",\"contentUrl\":\"https:\\\/\\\/www.nimaxautomation.com\\\/wp-content\\\/uploads\\\/2021\\\/10\\\/logo-meta-nimax-automation.png\",\"width\":492,\"height\":289,\"caption\":\"nimax automation\"},\"image\":{\"@id\":\"https:\\\/\\\/www.nimaxautomation.com\\\/#\\\/schema\\\/logo\\\/image\\\/\"}}]}<\/script>\n<!-- \/ Yoast SEO plugin. -->","yoast_head_json":{"title":"Cookie-Richtlinie - nimax automation","description":"Cookie-Richtlinie von Nimax Automation.","robots":{"index":"index","follow":"follow","max-snippet":"max-snippet:-1","max-image-preview":"max-image-preview:large","max-video-preview":"max-video-preview:-1"},"canonical":"https:\/\/www.nimaxautomation.com\/de\/cookie-policy\/","og_locale":"de_DE","og_type":"article","og_title":"Cookie-Richtlinie - nimax automation","og_description":"Cookie-Richtlinie von Nimax Automation.","og_url":"https:\/\/www.nimaxautomation.com\/de\/cookie-policy\/","og_site_name":"nimax automation","article_modified_time":"2025-12-22T14:50:24+00:00","og_image":[{"width":492,"height":289,"url":"https:\/\/www.nimaxautomation.com\/wp-content\/uploads\/2021\/10\/logo-meta-nimax-automation.png","type":"image\/png"}],"twitter_card":"summary_large_image","twitter_misc":{"Gesch\u00e4tzte Lesezeit":"9 minutes"},"schema":{"@context":"https:\/\/schema.org","@graph":[{"@type":"WebPage","@id":"https:\/\/www.nimaxautomation.com\/de\/cookie-policy\/","url":"https:\/\/www.nimaxautomation.com\/de\/cookie-policy\/","name":"Cookie-Richtlinie - nimax automation","isPartOf":{"@id":"https:\/\/www.nimaxautomation.com\/#website"},"datePublished":"2021-11-08T10:13:20+00:00","dateModified":"2025-12-22T14:50:24+00:00","description":"Cookie-Richtlinie von Nimax Automation.","breadcrumb":{"@id":"https:\/\/www.nimaxautomation.com\/de\/cookie-policy\/#breadcrumb"},"inLanguage":"de-DE","potentialAction":[{"@type":"ReadAction","target":["https:\/\/www.nimaxautomation.com\/de\/cookie-policy\/"]}]},{"@type":"BreadcrumbList","@id":"https:\/\/www.nimaxautomation.com\/de\/cookie-policy\/#breadcrumb","itemListElement":[{"@type":"ListItem","position":1,"name":"Home","item":"https:\/\/www.nimaxautomation.com\/"},{"@type":"ListItem","position":2,"name":"Cookie-Richtlinie"}]},{"@type":"WebSite","@id":"https:\/\/www.nimaxautomation.com\/#website","url":"https:\/\/www.nimaxautomation.com\/","name":"nimax automation","description":"","publisher":{"@id":"https:\/\/www.nimaxautomation.com\/#organization"},"potentialAction":[{"@type":"SearchAction","target":{"@type":"EntryPoint","urlTemplate":"https:\/\/www.nimaxautomation.com\/?s={search_term_string}"},"query-input":{"@type":"PropertyValueSpecification","valueRequired":true,"valueName":"search_term_string"}}],"inLanguage":"de-DE"},{"@type":"Organization","@id":"https:\/\/www.nimaxautomation.com\/#organization","name":"nimax automation","url":"https:\/\/www.nimaxautomation.com\/","logo":{"@type":"ImageObject","inLanguage":"de-DE","@id":"https:\/\/www.nimaxautomation.com\/#\/schema\/logo\/image\/","url":"https:\/\/www.nimaxautomation.com\/wp-content\/uploads\/2021\/10\/logo-meta-nimax-automation.png","contentUrl":"https:\/\/www.nimaxautomation.com\/wp-content\/uploads\/2021\/10\/logo-meta-nimax-automation.png","width":492,"height":289,"caption":"nimax automation"},"image":{"@id":"https:\/\/www.nimaxautomation.com\/#\/schema\/logo\/image\/"}}]}},"_links":{"self":[{"href":"https:\/\/www.nimaxautomation.com\/de\/wp-json\/wp\/v2\/pages\/1584","targetHints":{"allow":["GET"]}}],"collection":[{"href":"https:\/\/www.nimaxautomation.com\/de\/wp-json\/wp\/v2\/pages"}],"about":[{"href":"https:\/\/www.nimaxautomation.com\/de\/wp-json\/wp\/v2\/types\/page"}],"author":[{"embeddable":true,"href":"https:\/\/www.nimaxautomation.com\/de\/wp-json\/wp\/v2\/users\/3"}],"replies":[{"embeddable":true,"href":"https:\/\/www.nimaxautomation.com\/de\/wp-json\/wp\/v2\/comments?post=1584"}],"version-history":[{"count":24,"href":"https:\/\/www.nimaxautomation.com\/de\/wp-json\/wp\/v2\/pages\/1584\/revisions"}],"predecessor-version":[{"id":2390,"href":"https:\/\/www.nimaxautomation.com\/de\/wp-json\/wp\/v2\/pages\/1584\/revisions\/2390"}],"wp:attachment":[{"href":"https:\/\/www.nimaxautomation.com\/de\/wp-json\/wp\/v2\/media?parent=1584"}],"curies":[{"name":"wp","href":"https:\/\/api.w.org\/{rel}","templated":true}]}}