{"id":1535,"date":"2021-11-08T09:17:22","date_gmt":"2021-11-08T09:17:22","guid":{"rendered":"https:\/\/www.nimaxautomation.com\/?page_id=1535"},"modified":"2023-12-22T11:50:48","modified_gmt":"2023-12-22T11:50:48","slug":"contact","status":"publish","type":"page","link":"https:\/\/www.nimaxautomation.com\/de\/contact\/","title":{"rendered":"Kontakt"},"content":{"rendered":"\t\t<div data-elementor-type=\"wp-page\" data-elementor-id=\"1535\" class=\"elementor elementor-1535 elementor-964\">\n\t\t\t\t\t\t<section class=\"elementor-section elementor-top-section elementor-element elementor-element-3ec3fb9 elementor-section-boxed elementor-section-height-default elementor-section-height-default\" data-id=\"3ec3fb9\" data-element_type=\"section\" data-e-type=\"section\">\n\t\t\t\t\t\t<div class=\"elementor-container elementor-column-gap-default\">\n\t\t\t\t\t<div class=\"elementor-column elementor-col-100 elementor-top-column elementor-element elementor-element-1c37b47\" data-id=\"1c37b47\" data-element_type=\"column\" data-e-type=\"column\">\n\t\t\t<div class=\"elementor-widget-wrap elementor-element-populated\">\n\t\t\t\t\t\t<div class=\"elementor-element elementor-element-1339e00 elementor-widget elementor-widget-text-editor\" data-id=\"1339e00\" data-element_type=\"widget\" data-e-type=\"widget\" data-widget_type=\"text-editor.default\">\n\t\t\t\t<div class=\"elementor-widget-container\">\n\t\t\t\t\t\t\t\t\t<h2><strong><span style=\"color: #f16423;\"><span style=\"color: #f16423;\">Kontaktiere uns<\/span><\/span><\/strong><\/h2>\t\t\t\t\t\t\t\t<\/div>\n\t\t\t\t<\/div>\n\t\t\t\t\t<\/div>\n\t\t<\/div>\n\t\t\t\t\t<\/div>\n\t\t<\/section>\n\t\t\t\t<section class=\"elementor-section elementor-top-section elementor-element elementor-element-8845551 elementor-section-boxed elementor-section-height-default elementor-section-height-default\" data-id=\"8845551\" data-element_type=\"section\" data-e-type=\"section\">\n\t\t\t\t\t\t<div class=\"elementor-container elementor-column-gap-default\">\n\t\t\t\t\t<div class=\"elementor-column elementor-col-100 elementor-top-column elementor-element elementor-element-2334b28\" data-id=\"2334b28\" data-element_type=\"column\" data-e-type=\"column\">\n\t\t\t<div class=\"elementor-widget-wrap elementor-element-populated\">\n\t\t\t\t\t\t<div class=\"elementor-element elementor-element-110e157 elementor-widget elementor-widget-text-editor\" data-id=\"110e157\" data-element_type=\"widget\" data-e-type=\"widget\" data-widget_type=\"text-editor.default\">\n\t\t\t\t<div class=\"elementor-widget-container\">\n\t\t\t\t\t\t\t\t\t<p>Wir sind hier um Ihnen zu helfen! F\u00fchlen Sie sich frei, uns <strong>f\u00fcr alle Informationen zu kontaktieren<\/strong>.<\/p>\t\t\t\t\t\t\t\t<\/div>\n\t\t\t\t<\/div>\n\t\t\t\t\t<\/div>\n\t\t<\/div>\n\t\t\t\t\t<\/div>\n\t\t<\/section>\n\t\t\t\t<section class=\"elementor-section elementor-top-section elementor-element elementor-element-8367ae2 elementor-section-boxed elementor-section-height-default elementor-section-height-default\" data-id=\"8367ae2\" data-element_type=\"section\" data-e-type=\"section\">\n\t\t\t\t\t\t<div class=\"elementor-container elementor-column-gap-default\">\n\t\t\t\t\t<div class=\"elementor-column elementor-col-50 elementor-top-column elementor-element elementor-element-92fe9e8\" data-id=\"92fe9e8\" data-element_type=\"column\" data-e-type=\"column\">\n\t\t\t<div class=\"elementor-widget-wrap elementor-element-populated\">\n\t\t\t\t\t\t<div class=\"elementor-element elementor-element-fb992ef elementor-view-default elementor-position-block-start elementor-mobile-position-block-start elementor-widget elementor-widget-icon-box\" data-id=\"fb992ef\" data-element_type=\"widget\" data-e-type=\"widget\" data-widget_type=\"icon-box.default\">\n\t\t\t\t<div class=\"elementor-widget-container\">\n\t\t\t\t\t\t\t<div class=\"elementor-icon-box-wrapper\">\n\n\t\t\t\t\t\t<div class=\"elementor-icon-box-icon\">\n\t\t\t\t<a href=\"tel:0514199111\" class=\"elementor-icon\" tabindex=\"-1\" aria-label=\"Telefon\">\n\t\t\t\t<i aria-hidden=\"true\" class=\"fas fa-phone-square-alt\"><\/i>\t\t\t\t<\/a>\n\t\t\t<\/div>\n\t\t\t\n\t\t\t\t\t\t<div class=\"elementor-icon-box-content\">\n\n\t\t\t\t\t\t\t\t\t<h3 class=\"elementor-icon-box-title\">\n\t\t\t\t\t\t<a href=\"tel:0514199111\" >\n\t\t\t\t\t\t\tTelefon\t\t\t\t\t\t<\/a>\n\t\t\t\t\t<\/h3>\n\t\t\t\t\n\t\t\t\t\n\t\t\t<\/div>\n\t\t\t\n\t\t<\/div>\n\t\t\t\t\t\t<\/div>\n\t\t\t\t<\/div>\n\t\t\t\t<div class=\"elementor-element elementor-element-3bc55b8 elementor-widget elementor-widget-text-editor\" data-id=\"3bc55b8\" data-element_type=\"widget\" data-e-type=\"widget\" data-widget_type=\"text-editor.default\">\n\t\t\t\t<div class=\"elementor-widget-container\">\n\t\t\t\t\t\t\t\t\t<p><a href=\"tel:00390514199111\">+39.051.419.9111<\/a><\/p>\t\t\t\t\t\t\t\t<\/div>\n\t\t\t\t<\/div>\n\t\t\t\t\t<\/div>\n\t\t<\/div>\n\t\t\t\t<div class=\"elementor-column elementor-col-50 elementor-top-column elementor-element elementor-element-d7c9038\" data-id=\"d7c9038\" data-element_type=\"column\" data-e-type=\"column\">\n\t\t\t<div class=\"elementor-widget-wrap elementor-element-populated\">\n\t\t\t\t\t\t<div class=\"elementor-element elementor-element-66be40d elementor-view-default elementor-position-block-start elementor-mobile-position-block-start elementor-widget elementor-widget-icon-box\" data-id=\"66be40d\" data-element_type=\"widget\" data-e-type=\"widget\" data-widget_type=\"icon-box.default\">\n\t\t\t\t<div class=\"elementor-widget-container\">\n\t\t\t\t\t\t\t<div class=\"elementor-icon-box-wrapper\">\n\n\t\t\t\t\t\t<div class=\"elementor-icon-box-icon\">\n\t\t\t\t<a href=\"mailto:contactcenter@nimax.it\" class=\"elementor-icon\" tabindex=\"-1\" aria-label=\"Email\">\n\t\t\t\t<i aria-hidden=\"true\" class=\"fas fa-mail-bulk\"><\/i>\t\t\t\t<\/a>\n\t\t\t<\/div>\n\t\t\t\n\t\t\t\t\t\t<div class=\"elementor-icon-box-content\">\n\n\t\t\t\t\t\t\t\t\t<h3 class=\"elementor-icon-box-title\">\n\t\t\t\t\t\t<a href=\"mailto:contactcenter@nimax.it\" >\n\t\t\t\t\t\t\tEmail\t\t\t\t\t\t<\/a>\n\t\t\t\t\t<\/h3>\n\t\t\t\t\n\t\t\t\t\n\t\t\t<\/div>\n\t\t\t\n\t\t<\/div>\n\t\t\t\t\t\t<\/div>\n\t\t\t\t<\/div>\n\t\t\t\t<div class=\"elementor-element elementor-element-06cb223 elementor-widget elementor-widget-text-editor\" data-id=\"06cb223\" data-element_type=\"widget\" data-e-type=\"widget\" data-widget_type=\"text-editor.default\">\n\t\t\t\t<div class=\"elementor-widget-container\">\n\t\t\t\t\t\t\t\t\t<p><a href=\"mailto:contactcenter@nimax.it\">contactcenter@nimax.it\u00a0<\/a><\/p>\t\t\t\t\t\t\t\t<\/div>\n\t\t\t\t<\/div>\n\t\t\t\t\t<\/div>\n\t\t<\/div>\n\t\t\t\t\t<\/div>\n\t\t<\/section>\n\t\t\t\t<section class=\"elementor-section elementor-top-section elementor-element elementor-element-182072e elementor-section-boxed elementor-section-height-default elementor-section-height-default\" data-id=\"182072e\" data-element_type=\"section\" data-e-type=\"section\">\n\t\t\t\t\t\t<div class=\"elementor-container elementor-column-gap-default\">\n\t\t\t\t\t<div class=\"elementor-column elementor-col-100 elementor-top-column elementor-element elementor-element-c374446\" data-id=\"c374446\" data-element_type=\"column\" data-e-type=\"column\">\n\t\t\t<div class=\"elementor-widget-wrap elementor-element-populated\">\n\t\t\t\t\t\t<div class=\"elementor-element elementor-element-804c4e2 elementor-widget elementor-widget-htcontactform-addons\" data-id=\"804c4e2\" data-element_type=\"widget\" data-e-type=\"widget\" data-widget_type=\"htcontactform-addons.default\">\n\t\t\t\t<div class=\"elementor-widget-container\">\n\t\t\t\t\t            <div class=\"htcontact-form-wrapper\" >\n                \n<div class=\"wpcf7 no-js\" id=\"wpcf7-f1525-o1\" lang=\"it-IT\" dir=\"ltr\" data-wpcf7-id=\"1525\">\n<div class=\"screen-reader-response\"><p role=\"status\" aria-live=\"polite\" aria-atomic=\"true\"><\/p> <ul><\/ul><\/div>\n<form action=\"\/de\/wp-json\/wp\/v2\/pages\/1535#wpcf7-f1525-o1\" method=\"post\" class=\"wpcf7-form init\" aria-label=\"Kontaktformular\" enctype=\"multipart\/form-data\" novalidate=\"novalidate\" data-status=\"init\">\n<fieldset class=\"hidden-fields-container\"><input type=\"hidden\" name=\"_wpcf7\" value=\"1525\" \/><input type=\"hidden\" name=\"_wpcf7_version\" value=\"6.1.6\" \/><input type=\"hidden\" name=\"_wpcf7_locale\" value=\"it_IT\" \/><input type=\"hidden\" name=\"_wpcf7_unit_tag\" value=\"wpcf7-f1525-o1\" \/><input type=\"hidden\" name=\"_wpcf7_container_post\" value=\"0\" \/><input type=\"hidden\" name=\"_wpcf7_posted_data_hash\" value=\"\" \/><input type=\"hidden\" name=\"_wpcf7_recaptcha_response\" value=\"\" \/>\n<\/fieldset>\n<div class=\"container\" style=\"border-bottom:1px solid #ebebeb; margin-bottom:30px; padding-bottom:30px;\">\n\t<div class=\"col-md-6\">\n\t\t<h4 style=\"color: #f16423;text-align: left\" class=\"vc_custom_heading\">Bitte benutzen Sie unser Kontaktformular, wir werden uns so schnell wie m\u00f6glich bei Ihnen melden:\n\t\t<\/h4>\n\t\t<p>Vorname und Nachname*<br \/>\n<span class=\"wpcf7-form-control-wrap\" data-name=\"nome-e-cognome\"><input size=\"40\" maxlength=\"400\" class=\"wpcf7-form-control wpcf7-text wpcf7-validates-as-required\" aria-required=\"true\" aria-invalid=\"false\" value=\"\" type=\"text\" name=\"nome-e-cognome\" \/><\/span>\n\t\t<\/p>\n\t\t<p>Land*<br \/>\n<span class=\"wpcf7-form-control-wrap\" data-name=\"paese\"><input size=\"40\" maxlength=\"400\" class=\"wpcf7-form-control wpcf7-text wpcf7-validates-as-required\" aria-required=\"true\" aria-invalid=\"false\" value=\"\" type=\"text\" name=\"paese\" \/><\/span>\n\t\t<\/p>\n\t\t<p>Firma*<br \/>\n<span class=\"wpcf7-form-control-wrap\" data-name=\"azienda\"><input size=\"40\" maxlength=\"400\" class=\"wpcf7-form-control wpcf7-text wpcf7-validates-as-required\" aria-required=\"true\" aria-invalid=\"false\" value=\"\" type=\"text\" name=\"azienda\" \/><\/span>\n\t\t<\/p>\n\t\t<p>Telefon*<br \/>\n<span class=\"wpcf7-form-control-wrap\" data-name=\"Telefono\"><input size=\"40\" maxlength=\"400\" class=\"wpcf7-form-control wpcf7-tel wpcf7-validates-as-required wpcf7-text wpcf7-validates-as-tel\" aria-required=\"true\" aria-invalid=\"false\" value=\"\" type=\"tel\" name=\"Telefono\" \/><\/span>\n\t\t<\/p>\n\t\t<p>Email-Adresse*<br \/>\n<span class=\"wpcf7-form-control-wrap\" data-name=\"email\"><input size=\"40\" maxlength=\"400\" class=\"wpcf7-form-control wpcf7-email wpcf7-validates-as-required wpcf7-text wpcf7-validates-as-email\" aria-required=\"true\" aria-invalid=\"false\" value=\"\" type=\"email\" name=\"email\" \/><\/span>\n\t\t<\/p>\n\t<\/div>\n\t<div class=\"col-md-6\">\n\t\t<h4 style=\"color: #f16423;text-align: left; margin-bottom: 26px;\" class=\"vc_custom_heading\">Art der Anfrage:\n\t\t<\/h4>\n\t\t<p><span class=\"wpcf7-form-control-wrap\" data-name=\"messaggio\"><textarea cols=\"40\" rows=\"10\" maxlength=\"2000\" class=\"wpcf7-form-control wpcf7-textarea\" aria-invalid=\"false\" name=\"messaggio\"><\/textarea><\/span>\n\t\t<\/p>\n\t<\/div>\n<\/div>\n<div class=\"container\" style=\"border-bottom:1px solid #ebebeb; margin-bottom:30px; padding-bottom:30px;\">\n\t<div class=\"col-md-12\">\n\t\t<h4 style=\"color: #f16423;text-align: left\" class=\"vc_custom_heading\">In Datei hochladen:\n\t\t<\/h4>\n\t\t<p>Zul\u00e4ssige Dateitypen: doc, pdf, dwg, jpg, jpeg, png. Dateigr\u00f6\u00dfenbegrenzung 4mb\n\t\t<\/p>\n\t\t<p><span class=\"wpcf7-form-control-wrap\" data-name=\"allegato\"><input size=\"40\" class=\"wpcf7-form-control wpcf7-file\" accept=\"audio\/*,video\/*,image\/*\" aria-invalid=\"false\" type=\"file\" name=\"allegato\" \/><\/span>\n\t\t<\/p>\n\t<\/div>\n<\/div>\n<div class=\"container\" style=\"border-bottom:1px solid #ebebeb; margin-bottom:30px; padding-bottom:30px;\">\n\t<div class=\"col-md-6\">\n\t\t<h4 style=\"color: #f16423;text-align: left\" class=\"vc_custom_heading\">Ich m\u00f6chte mehr Informationen \u00fcber*:\n\t\t<\/h4>\n\t\t<p><span class=\"wpcf7-form-control-wrap\" data-name=\"motivo-richiesta\"><select class=\"wpcf7-form-control wpcf7-select wpcf7-validates-as-required\" aria-required=\"true\" aria-invalid=\"false\" name=\"motivo-richiesta\"><option value=\"\">&#8211; Bitte ausw\u00e4hlen &#8211;<\/option><option value=\"Detektionssystem nimax-CF118\">Detektionssystem nimax-CF118<\/option><option value=\"Ribaltino\">Ribaltino<\/option><\/select><\/span>\n\t\t<\/p>\n\t<\/div>\n\t<div class=\"container\" style=\"border-bottom:1px solid #ebebeb; margin-bottom:30px; padding-bottom:30px;\">\n\t\t<div class=\"col-md-6\">\n\t\t\t<h4 style=\"color: #f16423;text-align: left\" class=\"vc_custom_heading\">\n\t\t\t<\/h4>\n\t\t\t<p style=\"margin-bottom:20px;\">Klicken Sie hier, um zu best\u00e4tigen, dass Sie <a href=\"#\" class=\"popmake-informativa-privacy-per-utenti-de\"> die Nutzungsbedingungen und die Datenschutzrichtlinie<\/a> gelesen haben und ihnen zustimmen.\n\t\t\t<\/p>\n\t\t\t<p><label><span class=\"wpcf7-form-control-wrap\" data-name=\"job-privacy\"><span class=\"wpcf7-form-control wpcf7-acceptance\"><span class=\"wpcf7-list-item\"><input type=\"checkbox\" name=\"job-privacy\" value=\"1\" aria-invalid=\"false\" \/><\/span><\/span><\/span> Mit dem Klick erteile ich meine Einwilligung<\/label>\n\t\t\t<\/p>\n\t\t<\/div>\n\t<\/div>\n\t<div class=\"col-md-12\">\n\t\t<p><input class=\"wpcf7-form-control wpcf7-submit has-spinner\" type=\"submit\" value=\"Anfrage Senden\" \/>\n\t\t<\/p>\n\t<\/div>\n<\/div><input type='hidden' class='wpcf7-pum' value='{\"closepopup\":false,\"closedelay\":0,\"openpopup\":false,\"openpopup_id\":0}' \/><div class=\"wpcf7-response-output\" aria-hidden=\"true\"><\/div>\n<\/form>\n<\/div>\n            <\/div>\n\n        \t\t\t\t<\/div>\n\t\t\t\t<\/div>\n\t\t\t\t\t<\/div>\n\t\t<\/div>\n\t\t\t\t\t<\/div>\n\t\t<\/section>\n\t\t\t\t<section class=\"elementor-section elementor-top-section elementor-element elementor-element-abf188b elementor-section-boxed elementor-section-height-default elementor-section-height-default\" data-id=\"abf188b\" data-element_type=\"section\" data-e-type=\"section\">\n\t\t\t\t\t\t<div class=\"elementor-container elementor-column-gap-default\">\n\t\t\t\t\t<div class=\"elementor-column elementor-col-100 elementor-top-column elementor-element elementor-element-0e78b80\" data-id=\"0e78b80\" data-element_type=\"column\" data-e-type=\"column\">\n\t\t\t<div class=\"elementor-widget-wrap elementor-element-populated\">\n\t\t\t\t\t\t<div class=\"elementor-element elementor-element-9c05c67 elementor-widget elementor-widget-spacer\" data-id=\"9c05c67\" data-element_type=\"widget\" data-e-type=\"widget\" data-widget_type=\"spacer.default\">\n\t\t\t\t<div class=\"elementor-widget-container\">\n\t\t\t\t\t\t\t<div class=\"elementor-spacer\">\n\t\t\t<div class=\"elementor-spacer-inner\"><\/div>\n\t\t<\/div>\n\t\t\t\t\t\t<\/div>\n\t\t\t\t<\/div>\n\t\t\t\t\t<\/div>\n\t\t<\/div>\n\t\t\t\t\t<\/div>\n\t\t<\/section>\n\t\t\t\t<\/div>\n\t\t","protected":false},"excerpt":{"rendered":"<p>Kontaktiere uns Wir sind hier um Ihnen zu helfen! F\u00fchlen Sie sich frei, uns f\u00fcr alle Informationen zu kontaktieren. Telefon +39.051.419.9111 Email contactcenter@nimax.it\u00a0 Bitte benutzen Sie unser Kontaktformular, wir werden uns so schnell wie m\u00f6glich bei Ihnen melden: Vorname und Nachname* Land* Firma* Telefon* Email-Adresse* Art der Anfrage: In Datei hochladen: Zul\u00e4ssige Dateitypen: doc, pdf, [&hellip;]<\/p>\n","protected":false},"author":3,"featured_media":1227,"parent":0,"menu_order":0,"comment_status":"closed","ping_status":"closed","template":"elementor_header_footer","meta":{"zakra_page_container_layout":"customizer","zakra_page_sidebar_layout":"customizer","zakra_remove_content_margin":false,"zakra_sidebar":"customizer","zakra_transparent_header":"0","zakra_logo":0,"zakra_main_header_style":"default","zakra_menu_item_color":null,"zakra_menu_item_hover_color":null,"zakra_menu_item_active_color":null,"zakra_menu_active_style":"","zakra_page_header":false,"footnotes":""},"class_list":["post-1535","page","type-page","status-publish","has-post-thumbnail","hentry"],"yoast_head":"<!-- This site is optimized with the Yoast SEO plugin v27.6 - https:\/\/yoast.com\/product\/yoast-seo-wordpress\/ -->\n<title>Kontakt - nimax automation<\/title>\n<meta name=\"description\" content=\"Ben\u00f6tigen Sie weitere Informationen zum Automatisierungssystem nimax f\u00fcr den Lebensmittel- und Pharmamarkt? Kontaktiere uns!\" \/>\n<meta name=\"robots\" content=\"index, follow, max-snippet:-1, max-image-preview:large, max-video-preview:-1\" \/>\n<link rel=\"canonical\" href=\"https:\/\/www.nimaxautomation.com\/de\/contact\/\" \/>\n<meta property=\"og:locale\" content=\"de_DE\" \/>\n<meta property=\"og:type\" content=\"article\" \/>\n<meta property=\"og:title\" content=\"Kontakt - nimax automation\" \/>\n<meta property=\"og:description\" content=\"Ben\u00f6tigen Sie weitere Informationen zum Automatisierungssystem nimax f\u00fcr den Lebensmittel- und Pharmamarkt? Kontaktiere uns!\" \/>\n<meta property=\"og:url\" content=\"https:\/\/www.nimaxautomation.com\/de\/contact\/\" \/>\n<meta property=\"og:site_name\" content=\"nimax automation\" \/>\n<meta property=\"article:modified_time\" content=\"2023-12-22T11:50:48+00:00\" \/>\n<meta property=\"og:image\" content=\"https:\/\/www.nimaxautomation.com\/wp-content\/uploads\/2021\/10\/logo-meta-nimax-automation.png\" \/>\n\t<meta property=\"og:image:width\" content=\"492\" \/>\n\t<meta property=\"og:image:height\" content=\"289\" \/>\n\t<meta property=\"og:image:type\" content=\"image\/png\" \/>\n<meta name=\"twitter:card\" content=\"summary_large_image\" \/>\n<meta name=\"twitter:label1\" content=\"Gesch\u00e4tzte Lesezeit\" \/>\n\t<meta name=\"twitter:data1\" content=\"1 minute\" \/>\n<script type=\"application\/ld+json\" class=\"yoast-schema-graph\">{\"@context\":\"https:\\\/\\\/schema.org\",\"@graph\":[{\"@type\":\"WebPage\",\"@id\":\"https:\\\/\\\/www.nimaxautomation.com\\\/de\\\/contact\\\/\",\"url\":\"https:\\\/\\\/www.nimaxautomation.com\\\/de\\\/contact\\\/\",\"name\":\"Kontakt - nimax automation\",\"isPartOf\":{\"@id\":\"https:\\\/\\\/www.nimaxautomation.com\\\/#website\"},\"primaryImageOfPage\":{\"@id\":\"https:\\\/\\\/www.nimaxautomation.com\\\/de\\\/contact\\\/#primaryimage\"},\"image\":{\"@id\":\"https:\\\/\\\/www.nimaxautomation.com\\\/de\\\/contact\\\/#primaryimage\"},\"thumbnailUrl\":\"https:\\\/\\\/www.nimaxautomation.com\\\/wp-content\\\/uploads\\\/2021\\\/10\\\/logo-meta-nimax-automation.png\",\"datePublished\":\"2021-11-08T09:17:22+00:00\",\"dateModified\":\"2023-12-22T11:50:48+00:00\",\"description\":\"Ben\u00f6tigen Sie weitere Informationen zum Automatisierungssystem nimax f\u00fcr den Lebensmittel- und Pharmamarkt? Kontaktiere uns!\",\"breadcrumb\":{\"@id\":\"https:\\\/\\\/www.nimaxautomation.com\\\/de\\\/contact\\\/#breadcrumb\"},\"inLanguage\":\"de-DE\",\"potentialAction\":[{\"@type\":\"ReadAction\",\"target\":[\"https:\\\/\\\/www.nimaxautomation.com\\\/de\\\/contact\\\/\"]}]},{\"@type\":\"ImageObject\",\"inLanguage\":\"de-DE\",\"@id\":\"https:\\\/\\\/www.nimaxautomation.com\\\/de\\\/contact\\\/#primaryimage\",\"url\":\"https:\\\/\\\/www.nimaxautomation.com\\\/wp-content\\\/uploads\\\/2021\\\/10\\\/logo-meta-nimax-automation.png\",\"contentUrl\":\"https:\\\/\\\/www.nimaxautomation.com\\\/wp-content\\\/uploads\\\/2021\\\/10\\\/logo-meta-nimax-automation.png\",\"width\":492,\"height\":289},{\"@type\":\"BreadcrumbList\",\"@id\":\"https:\\\/\\\/www.nimaxautomation.com\\\/de\\\/contact\\\/#breadcrumb\",\"itemListElement\":[{\"@type\":\"ListItem\",\"position\":1,\"name\":\"Home\",\"item\":\"https:\\\/\\\/www.nimaxautomation.com\\\/\"},{\"@type\":\"ListItem\",\"position\":2,\"name\":\"Kontakt\"}]},{\"@type\":\"WebSite\",\"@id\":\"https:\\\/\\\/www.nimaxautomation.com\\\/#website\",\"url\":\"https:\\\/\\\/www.nimaxautomation.com\\\/\",\"name\":\"nimax automation\",\"description\":\"\",\"publisher\":{\"@id\":\"https:\\\/\\\/www.nimaxautomation.com\\\/#organization\"},\"potentialAction\":[{\"@type\":\"SearchAction\",\"target\":{\"@type\":\"EntryPoint\",\"urlTemplate\":\"https:\\\/\\\/www.nimaxautomation.com\\\/?s={search_term_string}\"},\"query-input\":{\"@type\":\"PropertyValueSpecification\",\"valueRequired\":true,\"valueName\":\"search_term_string\"}}],\"inLanguage\":\"de-DE\"},{\"@type\":\"Organization\",\"@id\":\"https:\\\/\\\/www.nimaxautomation.com\\\/#organization\",\"name\":\"nimax automation\",\"url\":\"https:\\\/\\\/www.nimaxautomation.com\\\/\",\"logo\":{\"@type\":\"ImageObject\",\"inLanguage\":\"de-DE\",\"@id\":\"https:\\\/\\\/www.nimaxautomation.com\\\/#\\\/schema\\\/logo\\\/image\\\/\",\"url\":\"https:\\\/\\\/www.nimaxautomation.com\\\/wp-content\\\/uploads\\\/2021\\\/10\\\/logo-meta-nimax-automation.png\",\"contentUrl\":\"https:\\\/\\\/www.nimaxautomation.com\\\/wp-content\\\/uploads\\\/2021\\\/10\\\/logo-meta-nimax-automation.png\",\"width\":492,\"height\":289,\"caption\":\"nimax automation\"},\"image\":{\"@id\":\"https:\\\/\\\/www.nimaxautomation.com\\\/#\\\/schema\\\/logo\\\/image\\\/\"}}]}<\/script>\n<!-- \/ Yoast SEO plugin. -->","yoast_head_json":{"title":"Kontakt - nimax automation","description":"Ben\u00f6tigen Sie weitere Informationen zum Automatisierungssystem nimax f\u00fcr den Lebensmittel- und Pharmamarkt? Kontaktiere uns!","robots":{"index":"index","follow":"follow","max-snippet":"max-snippet:-1","max-image-preview":"max-image-preview:large","max-video-preview":"max-video-preview:-1"},"canonical":"https:\/\/www.nimaxautomation.com\/de\/contact\/","og_locale":"de_DE","og_type":"article","og_title":"Kontakt - nimax automation","og_description":"Ben\u00f6tigen Sie weitere Informationen zum Automatisierungssystem nimax f\u00fcr den Lebensmittel- und Pharmamarkt? Kontaktiere uns!","og_url":"https:\/\/www.nimaxautomation.com\/de\/contact\/","og_site_name":"nimax automation","article_modified_time":"2023-12-22T11:50:48+00:00","og_image":[{"width":492,"height":289,"url":"https:\/\/www.nimaxautomation.com\/wp-content\/uploads\/2021\/10\/logo-meta-nimax-automation.png","type":"image\/png"}],"twitter_card":"summary_large_image","twitter_misc":{"Gesch\u00e4tzte Lesezeit":"1 minute"},"schema":{"@context":"https:\/\/schema.org","@graph":[{"@type":"WebPage","@id":"https:\/\/www.nimaxautomation.com\/de\/contact\/","url":"https:\/\/www.nimaxautomation.com\/de\/contact\/","name":"Kontakt - nimax automation","isPartOf":{"@id":"https:\/\/www.nimaxautomation.com\/#website"},"primaryImageOfPage":{"@id":"https:\/\/www.nimaxautomation.com\/de\/contact\/#primaryimage"},"image":{"@id":"https:\/\/www.nimaxautomation.com\/de\/contact\/#primaryimage"},"thumbnailUrl":"https:\/\/www.nimaxautomation.com\/wp-content\/uploads\/2021\/10\/logo-meta-nimax-automation.png","datePublished":"2021-11-08T09:17:22+00:00","dateModified":"2023-12-22T11:50:48+00:00","description":"Ben\u00f6tigen Sie weitere Informationen zum Automatisierungssystem nimax f\u00fcr den Lebensmittel- und Pharmamarkt? Kontaktiere uns!","breadcrumb":{"@id":"https:\/\/www.nimaxautomation.com\/de\/contact\/#breadcrumb"},"inLanguage":"de-DE","potentialAction":[{"@type":"ReadAction","target":["https:\/\/www.nimaxautomation.com\/de\/contact\/"]}]},{"@type":"ImageObject","inLanguage":"de-DE","@id":"https:\/\/www.nimaxautomation.com\/de\/contact\/#primaryimage","url":"https:\/\/www.nimaxautomation.com\/wp-content\/uploads\/2021\/10\/logo-meta-nimax-automation.png","contentUrl":"https:\/\/www.nimaxautomation.com\/wp-content\/uploads\/2021\/10\/logo-meta-nimax-automation.png","width":492,"height":289},{"@type":"BreadcrumbList","@id":"https:\/\/www.nimaxautomation.com\/de\/contact\/#breadcrumb","itemListElement":[{"@type":"ListItem","position":1,"name":"Home","item":"https:\/\/www.nimaxautomation.com\/"},{"@type":"ListItem","position":2,"name":"Kontakt"}]},{"@type":"WebSite","@id":"https:\/\/www.nimaxautomation.com\/#website","url":"https:\/\/www.nimaxautomation.com\/","name":"nimax automation","description":"","publisher":{"@id":"https:\/\/www.nimaxautomation.com\/#organization"},"potentialAction":[{"@type":"SearchAction","target":{"@type":"EntryPoint","urlTemplate":"https:\/\/www.nimaxautomation.com\/?s={search_term_string}"},"query-input":{"@type":"PropertyValueSpecification","valueRequired":true,"valueName":"search_term_string"}}],"inLanguage":"de-DE"},{"@type":"Organization","@id":"https:\/\/www.nimaxautomation.com\/#organization","name":"nimax automation","url":"https:\/\/www.nimaxautomation.com\/","logo":{"@type":"ImageObject","inLanguage":"de-DE","@id":"https:\/\/www.nimaxautomation.com\/#\/schema\/logo\/image\/","url":"https:\/\/www.nimaxautomation.com\/wp-content\/uploads\/2021\/10\/logo-meta-nimax-automation.png","contentUrl":"https:\/\/www.nimaxautomation.com\/wp-content\/uploads\/2021\/10\/logo-meta-nimax-automation.png","width":492,"height":289,"caption":"nimax automation"},"image":{"@id":"https:\/\/www.nimaxautomation.com\/#\/schema\/logo\/image\/"}}]}},"_links":{"self":[{"href":"https:\/\/www.nimaxautomation.com\/de\/wp-json\/wp\/v2\/pages\/1535","targetHints":{"allow":["GET"]}}],"collection":[{"href":"https:\/\/www.nimaxautomation.com\/de\/wp-json\/wp\/v2\/pages"}],"about":[{"href":"https:\/\/www.nimaxautomation.com\/de\/wp-json\/wp\/v2\/types\/page"}],"author":[{"embeddable":true,"href":"https:\/\/www.nimaxautomation.com\/de\/wp-json\/wp\/v2\/users\/3"}],"replies":[{"embeddable":true,"href":"https:\/\/www.nimaxautomation.com\/de\/wp-json\/wp\/v2\/comments?post=1535"}],"version-history":[{"count":20,"href":"https:\/\/www.nimaxautomation.com\/de\/wp-json\/wp\/v2\/pages\/1535\/revisions"}],"predecessor-version":[{"id":2069,"href":"https:\/\/www.nimaxautomation.com\/de\/wp-json\/wp\/v2\/pages\/1535\/revisions\/2069"}],"wp:featuredmedia":[{"embeddable":true,"href":"https:\/\/www.nimaxautomation.com\/de\/wp-json\/wp\/v2\/media\/1227"}],"wp:attachment":[{"href":"https:\/\/www.nimaxautomation.com\/de\/wp-json\/wp\/v2\/media?parent=1535"}],"curies":[{"name":"wp","href":"https:\/\/api.w.org\/{rel}","templated":true}]}}